{"id":1143,"date":"2019-04-26T13:41:52","date_gmt":"2019-04-26T19:41:52","guid":{"rendered":"http:\/\/www.plp-mexico.com\/sitioplp\/?page_id=1143"},"modified":"2019-04-26T13:48:28","modified_gmt":"2019-04-26T19:48:28","slug":"aviso-de-privacidad","status":"publish","type":"page","link":"https:\/\/www.plp-mexico.com\/sitioplp\/aviso-de-privacidad\/","title":{"rendered":"Aviso de Privacidad"},"content":{"rendered":"\t\t<div data-elementor-type=\"wp-post\" data-elementor-id=\"1143\" class=\"elementor elementor-1143\">\n\t\t\t\t\t\t\t\t\t<section class=\"elementor-section elementor-top-section elementor-element elementor-element-0a8fc88 elementor-section-boxed elementor-section-height-default elementor-section-height-default\" data-id=\"0a8fc88\" data-element_type=\"section\" data-settings=\"{&quot;jet_parallax_layout_list&quot;:[]}\">\n\t\t\t\t\t\t<div class=\"elementor-container elementor-column-gap-default\">\n\t\t\t\t\t<div class=\"elementor-column elementor-col-100 elementor-top-column elementor-element elementor-element-0c5efa2\" data-id=\"0c5efa2\" data-element_type=\"column\">\n\t\t\t<div class=\"elementor-widget-wrap elementor-element-populated\">\n\t\t\t\t\t\t\t\t<div class=\"elementor-element elementor-element-4c69169 elementor-widget elementor-widget-text-editor\" data-id=\"4c69169\" data-element_type=\"widget\" data-widget_type=\"text-editor.default\">\n\t\t\t\t<div class=\"elementor-widget-container\">\n\t\t\t\t\t\t\t<h3 style=\"text-align: center;\">AVISO DE PRIVACIDAD<\/h3><p><br \/><strong>Professional Learning Partners S.A. de C.V.<\/strong>, con domicilio fiscal en Ing. Bernardo Quintana No. 100-2 Col. La Loma de Santa F\u00e9 Del. \u00c1lvaro Obreg\u00f3n C.P. 01210 M\u00e9xico D.F., es responsable de recabar sus datos personales, del uso que se le d\u00e9 a los mismos y de su protecci\u00f3n.<\/p><p>Su informaci\u00f3n personal ser\u00e1 utilizada para proveer los servicios y productos que ha solicitado, informarle sobre cambios en los mismos y evaluar la calidad del servicio que le brindamos. Para las finalidades antes mencionadas, requerimos obtener los siguientes datos personales: nombre, edad, organizaci\u00f3n, puesto, e-mail, tel\u00e9fono, direcci\u00f3n, RFC, grado de estudios. Considerado como sensible seg\u00fan la Ley Federal de Protecci\u00f3n de Datos Personales en Posesi\u00f3n de los Particulares requerimos los siguientes datos personales: estado de salud.<\/p><p>Usted tiene derecho de acceder, rectificar y cancelar sus datos personales, as\u00ed como de oponerse al tratamiento de los mismos o revocar el consentimiento que para tal fin nos haya otorgado, a trav\u00e9s de los procedimientos que hemos implementado. Para conocer dichos procedimientos, los requisitos y plazos, se puede poner en contacto con nuestro departamento de datos personales en Prol. Paseo de la Reforma 625 Torre Lexus, Oficina 407, Santa Fe, M\u00e9xico D.F, CP 01330 Tel. (5255)5292.5392 o al E-mail info@plp-mexico.com.<\/p><p>Asimismo, le informamos que sus datos personales pueden ser transferidos y tratados dentro y fuera del pa\u00eds, por personas distintas a esta empresa. En ese sentido, su informaci\u00f3n puede ser compartida con nuestros socios y afiliados, para proporcionarle el material e informaci\u00f3n necesaria que se requiera. Si usted no manifiesta su oposici\u00f3n para que sus datos personales sean transferidos, se entender\u00e1 que ha otorgado su consentimiento para ello.<\/p><p>Si usted desea dejar de recibir mensajes promocionales o manifestar su oposici\u00f3n de este aviso de privacidad puede solicitarlo a trav\u00e9s de las siguientes opciones: un correo electr\u00f3nico a info@plp-mexico.com, al tel\u00e9fono (5255) 5292.5392 o enviando una carta a Prol. Paseo de la Reforma 625 Torre Lexus Oficina 407 Santa Fe M\u00e9xico D.F, CP 01330.<\/p><p>Cualquier modificaci\u00f3n a este aviso de privacidad podr\u00e1 consultarla en: http:\/\/www.plp-mexico.com\/sitioplp\/aviso_de_privacidad<\/p><p><strong>Fecha \u00faltima actualizaci\u00f3n: <\/strong>1 Enero del 2019.<\/p>\t\t\t\t\t\t<\/div>\n\t\t\t\t<\/div>\n\t\t\t\t\t<\/div>\n\t\t<\/div>\n\t\t\t\t\t\t\t<\/div>\n\t\t<\/section>\n\t\t\t\t\t\t\t<\/div>\n\t\t","protected":false},"excerpt":{"rendered":"<p>AVISO DE PRIVACIDAD Professional Learning Partners S.A. de C.V., con domicilio fiscal en Ing. Bernardo Quintana No. 100-2 Col. La [&hellip;]<\/p>\n","protected":false},"author":1,"featured_media":0,"parent":0,"menu_order":0,"comment_status":"closed","ping_status":"closed","template":"","meta":{"footnotes":"","_joinchat":[]},"yoast_head":"<!-- This site is optimized with the Yoast SEO plugin v22.0 - https:\/\/yoast.com\/wordpress\/plugins\/seo\/ -->\n<title>Aviso de Privacidad - PLP M\u00e9xico - Soluciones y cursos de liderazgo CDMX<\/title>\n<meta name=\"robots\" content=\"index, follow, max-snippet:-1, max-image-preview:large, max-video-preview:-1\" \/>\n<link rel=\"canonical\" href=\"https:\/\/www.plp-mexico.com\/sitioplp\/aviso-de-privacidad\/\" \/>\n<meta property=\"og:locale\" content=\"es_MX\" \/>\n<meta property=\"og:type\" content=\"article\" \/>\n<meta property=\"og:title\" content=\"Aviso de Privacidad - PLP M\u00e9xico - Soluciones y cursos de liderazgo CDMX\" \/>\n<meta property=\"og:description\" content=\"AVISO DE PRIVACIDAD Professional Learning Partners S.A. de C.V., con domicilio fiscal en Ing. Bernardo Quintana No. 100-2 Col. La [&hellip;]\" \/>\n<meta property=\"og:url\" content=\"https:\/\/www.plp-mexico.com\/sitioplp\/aviso-de-privacidad\/\" \/>\n<meta property=\"og:site_name\" content=\"PLP M\u00e9xico - Soluciones y cursos de liderazgo CDMX\" \/>\n<meta property=\"article:publisher\" content=\"https:\/\/www.facebook.com\/plpmex\" \/>\n<meta property=\"article:modified_time\" content=\"2019-04-26T19:48:28+00:00\" \/>\n<meta name=\"twitter:card\" content=\"summary_large_image\" \/>\n<meta name=\"twitter:site\" content=\"@PLPMex\" \/>\n<meta name=\"twitter:label1\" content=\"Tiempo de lectura\" \/>\n\t<meta name=\"twitter:data1\" content=\"2 minutos\" \/>\n<script type=\"application\/ld+json\" class=\"yoast-schema-graph\">{\"@context\":\"https:\/\/schema.org\",\"@graph\":[{\"@type\":\"WebPage\",\"@id\":\"https:\/\/www.plp-mexico.com\/sitioplp\/aviso-de-privacidad\/\",\"url\":\"https:\/\/www.plp-mexico.com\/sitioplp\/aviso-de-privacidad\/\",\"name\":\"Aviso de Privacidad - PLP M\u00e9xico - Soluciones y cursos de liderazgo CDMX\",\"isPartOf\":{\"@id\":\"https:\/\/www.plp-mexico.com\/sitioplp\/#website\"},\"datePublished\":\"2019-04-26T19:41:52+00:00\",\"dateModified\":\"2019-04-26T19:48:28+00:00\",\"breadcrumb\":{\"@id\":\"https:\/\/www.plp-mexico.com\/sitioplp\/aviso-de-privacidad\/#breadcrumb\"},\"inLanguage\":\"es-MX\",\"potentialAction\":[{\"@type\":\"ReadAction\",\"target\":[\"https:\/\/www.plp-mexico.com\/sitioplp\/aviso-de-privacidad\/\"]}]},{\"@type\":\"BreadcrumbList\",\"@id\":\"https:\/\/www.plp-mexico.com\/sitioplp\/aviso-de-privacidad\/#breadcrumb\",\"itemListElement\":[{\"@type\":\"ListItem\",\"position\":1,\"name\":\"Inicio\",\"item\":\"https:\/\/www.plp-mexico.com\/sitioplp\/\"},{\"@type\":\"ListItem\",\"position\":2,\"name\":\"Aviso de Privacidad\"}]},{\"@type\":\"WebSite\",\"@id\":\"https:\/\/www.plp-mexico.com\/sitioplp\/#website\",\"url\":\"https:\/\/www.plp-mexico.com\/sitioplp\/\",\"name\":\"PLP M\u00e9xico - Soluciones y cursos de liderazgo CDMX\",\"description\":\"Trabajamos con marcas de reconocimiento global para resolver cualquier desaf\u00edo de liderazgo creando soluciones completamente hechas a la medida.\",\"publisher\":{\"@id\":\"https:\/\/www.plp-mexico.com\/sitioplp\/#organization\"},\"potentialAction\":[{\"@type\":\"SearchAction\",\"target\":{\"@type\":\"EntryPoint\",\"urlTemplate\":\"https:\/\/www.plp-mexico.com\/sitioplp\/?s={search_term_string}\"},\"query-input\":\"required name=search_term_string\"}],\"inLanguage\":\"es-MX\"},{\"@type\":\"Organization\",\"@id\":\"https:\/\/www.plp-mexico.com\/sitioplp\/#organization\",\"name\":\"PLP M\u00e9xico | Soluciones de Liderazgo\",\"url\":\"https:\/\/www.plp-mexico.com\/sitioplp\/\",\"logo\":{\"@type\":\"ImageObject\",\"inLanguage\":\"es-MX\",\"@id\":\"https:\/\/www.plp-mexico.com\/sitioplp\/#\/schema\/logo\/image\/\",\"url\":\"https:\/\/www.plp-mexico.com\/sitioplp\/wp-content\/uploads\/2018\/06\/ico.jpg\",\"contentUrl\":\"https:\/\/www.plp-mexico.com\/sitioplp\/wp-content\/uploads\/2018\/06\/ico.jpg\",\"width\":513,\"height\":513,\"caption\":\"PLP M\u00e9xico | Soluciones de Liderazgo\"},\"image\":{\"@id\":\"https:\/\/www.plp-mexico.com\/sitioplp\/#\/schema\/logo\/image\/\"},\"sameAs\":[\"https:\/\/www.facebook.com\/plpmex\",\"https:\/\/twitter.com\/PLPMex\",\"https:\/\/www.linkedin.com\/company\/professional-learning-partners\/\",\"https:\/\/www.youtube.com\/user\/PLPMex\"]}]}<\/script>\n<!-- \/ Yoast SEO plugin. -->","yoast_head_json":{"title":"Aviso de Privacidad - PLP M\u00e9xico - Soluciones y cursos de liderazgo CDMX","robots":{"index":"index","follow":"follow","max-snippet":"max-snippet:-1","max-image-preview":"max-image-preview:large","max-video-preview":"max-video-preview:-1"},"canonical":"https:\/\/www.plp-mexico.com\/sitioplp\/aviso-de-privacidad\/","og_locale":"es_MX","og_type":"article","og_title":"Aviso de Privacidad - PLP M\u00e9xico - Soluciones y cursos de liderazgo CDMX","og_description":"AVISO DE PRIVACIDAD Professional Learning Partners S.A. de C.V., con domicilio fiscal en Ing. Bernardo Quintana No. 100-2 Col. La [&hellip;]","og_url":"https:\/\/www.plp-mexico.com\/sitioplp\/aviso-de-privacidad\/","og_site_name":"PLP M\u00e9xico - Soluciones y cursos de liderazgo CDMX","article_publisher":"https:\/\/www.facebook.com\/plpmex","article_modified_time":"2019-04-26T19:48:28+00:00","twitter_card":"summary_large_image","twitter_site":"@PLPMex","twitter_misc":{"Tiempo de lectura":"2 minutos"},"schema":{"@context":"https:\/\/schema.org","@graph":[{"@type":"WebPage","@id":"https:\/\/www.plp-mexico.com\/sitioplp\/aviso-de-privacidad\/","url":"https:\/\/www.plp-mexico.com\/sitioplp\/aviso-de-privacidad\/","name":"Aviso de Privacidad - PLP M\u00e9xico - Soluciones y cursos de liderazgo CDMX","isPartOf":{"@id":"https:\/\/www.plp-mexico.com\/sitioplp\/#website"},"datePublished":"2019-04-26T19:41:52+00:00","dateModified":"2019-04-26T19:48:28+00:00","breadcrumb":{"@id":"https:\/\/www.plp-mexico.com\/sitioplp\/aviso-de-privacidad\/#breadcrumb"},"inLanguage":"es-MX","potentialAction":[{"@type":"ReadAction","target":["https:\/\/www.plp-mexico.com\/sitioplp\/aviso-de-privacidad\/"]}]},{"@type":"BreadcrumbList","@id":"https:\/\/www.plp-mexico.com\/sitioplp\/aviso-de-privacidad\/#breadcrumb","itemListElement":[{"@type":"ListItem","position":1,"name":"Inicio","item":"https:\/\/www.plp-mexico.com\/sitioplp\/"},{"@type":"ListItem","position":2,"name":"Aviso de Privacidad"}]},{"@type":"WebSite","@id":"https:\/\/www.plp-mexico.com\/sitioplp\/#website","url":"https:\/\/www.plp-mexico.com\/sitioplp\/","name":"PLP M\u00e9xico - Soluciones y cursos de liderazgo CDMX","description":"Trabajamos con marcas de reconocimiento global para resolver cualquier desaf\u00edo de liderazgo creando soluciones completamente hechas a la medida.","publisher":{"@id":"https:\/\/www.plp-mexico.com\/sitioplp\/#organization"},"potentialAction":[{"@type":"SearchAction","target":{"@type":"EntryPoint","urlTemplate":"https:\/\/www.plp-mexico.com\/sitioplp\/?s={search_term_string}"},"query-input":"required name=search_term_string"}],"inLanguage":"es-MX"},{"@type":"Organization","@id":"https:\/\/www.plp-mexico.com\/sitioplp\/#organization","name":"PLP M\u00e9xico | Soluciones de Liderazgo","url":"https:\/\/www.plp-mexico.com\/sitioplp\/","logo":{"@type":"ImageObject","inLanguage":"es-MX","@id":"https:\/\/www.plp-mexico.com\/sitioplp\/#\/schema\/logo\/image\/","url":"https:\/\/www.plp-mexico.com\/sitioplp\/wp-content\/uploads\/2018\/06\/ico.jpg","contentUrl":"https:\/\/www.plp-mexico.com\/sitioplp\/wp-content\/uploads\/2018\/06\/ico.jpg","width":513,"height":513,"caption":"PLP M\u00e9xico | Soluciones de Liderazgo"},"image":{"@id":"https:\/\/www.plp-mexico.com\/sitioplp\/#\/schema\/logo\/image\/"},"sameAs":["https:\/\/www.facebook.com\/plpmex","https:\/\/twitter.com\/PLPMex","https:\/\/www.linkedin.com\/company\/professional-learning-partners\/","https:\/\/www.youtube.com\/user\/PLPMex"]}]}},"_links":{"self":[{"href":"https:\/\/www.plp-mexico.com\/sitioplp\/wp-json\/wp\/v2\/pages\/1143"}],"collection":[{"href":"https:\/\/www.plp-mexico.com\/sitioplp\/wp-json\/wp\/v2\/pages"}],"about":[{"href":"https:\/\/www.plp-mexico.com\/sitioplp\/wp-json\/wp\/v2\/types\/page"}],"author":[{"embeddable":true,"href":"https:\/\/www.plp-mexico.com\/sitioplp\/wp-json\/wp\/v2\/users\/1"}],"replies":[{"embeddable":true,"href":"https:\/\/www.plp-mexico.com\/sitioplp\/wp-json\/wp\/v2\/comments?post=1143"}],"version-history":[{"count":5,"href":"https:\/\/www.plp-mexico.com\/sitioplp\/wp-json\/wp\/v2\/pages\/1143\/revisions"}],"predecessor-version":[{"id":1150,"href":"https:\/\/www.plp-mexico.com\/sitioplp\/wp-json\/wp\/v2\/pages\/1143\/revisions\/1150"}],"wp:attachment":[{"href":"https:\/\/www.plp-mexico.com\/sitioplp\/wp-json\/wp\/v2\/media?parent=1143"}],"curies":[{"name":"wp","href":"https:\/\/api.w.org\/{rel}","templated":true}]}}