{"id":1494,"date":"2019-10-17T11:23:29","date_gmt":"2019-10-17T17:23:29","guid":{"rendered":"https:\/\/www.plp-mexico.com\/sitioplp\/?page_id=1494"},"modified":"2019-10-17T11:40:06","modified_gmt":"2019-10-17T17:40:06","slug":"terminos-y-condiciones","status":"publish","type":"page","link":"https:\/\/www.plp-mexico.com\/sitioplp\/terminos-y-condiciones\/","title":{"rendered":"T\u00e9rminos y Condiciones"},"content":{"rendered":"\t\t<div data-elementor-type=\"wp-post\" data-elementor-id=\"1494\" class=\"elementor elementor-1494\">\n\t\t\t\t\t\t\t\t\t<section class=\"elementor-section elementor-top-section elementor-element elementor-element-24167a3 elementor-section-boxed elementor-section-height-default elementor-section-height-default\" data-id=\"24167a3\" data-element_type=\"section\" data-settings=\"{&quot;jet_parallax_layout_list&quot;:[{&quot;jet_parallax_layout_image&quot;:{&quot;url&quot;:&quot;&quot;,&quot;id&quot;:&quot;&quot;,&quot;size&quot;:&quot;&quot;},&quot;_id&quot;:&quot;ab467d3&quot;,&quot;jet_parallax_layout_image_tablet&quot;:{&quot;url&quot;:&quot;&quot;,&quot;id&quot;:&quot;&quot;,&quot;size&quot;:&quot;&quot;},&quot;jet_parallax_layout_image_mobile&quot;:{&quot;url&quot;:&quot;&quot;,&quot;id&quot;:&quot;&quot;,&quot;size&quot;:&quot;&quot;},&quot;jet_parallax_layout_speed&quot;:{&quot;unit&quot;:&quot;%&quot;,&quot;size&quot;:50,&quot;sizes&quot;:[]},&quot;jet_parallax_layout_type&quot;:&quot;scroll&quot;,&quot;jet_parallax_layout_z_index&quot;:&quot;&quot;,&quot;jet_parallax_layout_bg_x&quot;:50,&quot;jet_parallax_layout_bg_y&quot;:50,&quot;jet_parallax_layout_bg_size&quot;:&quot;auto&quot;,&quot;jet_parallax_layout_animation_prop&quot;:&quot;transform&quot;,&quot;jet_parallax_layout_on&quot;:[&quot;desktop&quot;,&quot;tablet&quot;],&quot;jet_parallax_layout_direction&quot;:null,&quot;jet_parallax_layout_fx_direction&quot;:null,&quot;jet_parallax_layout_bg_x_tablet&quot;:&quot;&quot;,&quot;jet_parallax_layout_bg_x_mobile&quot;:&quot;&quot;,&quot;jet_parallax_layout_bg_y_tablet&quot;:&quot;&quot;,&quot;jet_parallax_layout_bg_y_mobile&quot;:&quot;&quot;,&quot;jet_parallax_layout_bg_size_tablet&quot;:&quot;&quot;,&quot;jet_parallax_layout_bg_size_mobile&quot;:&quot;&quot;}]}\">\n\t\t\t\t\t\t<div class=\"elementor-container elementor-column-gap-default\">\n\t\t\t\t\t<div class=\"elementor-column elementor-col-100 elementor-top-column elementor-element elementor-element-367d5d7\" data-id=\"367d5d7\" data-element_type=\"column\">\n\t\t\t<div class=\"elementor-widget-wrap elementor-element-populated\">\n\t\t\t\t\t\t\t\t<div class=\"elementor-element elementor-element-8678103 elementor-widget elementor-widget-text-editor\" data-id=\"8678103\" data-element_type=\"widget\" data-widget_type=\"text-editor.default\">\n\t\t\t\t<div class=\"elementor-widget-container\">\n\t\t\t\t\t\t\t<p style=\"text-align: center;\"><span style=\"font-size: 18pt;\"><strong>T\u00c9RMINOS Y CONDICIONES<\/strong><\/span><\/p><p><span style=\"font-size: 14pt;\"><strong>Referente a cualquier cotizaci\u00f3n emitida por parte de PLP M\u00e9xico<\/strong><\/span><\/p><ol><li><strong>Autorizaci\u00f3n de la Cotizaci\u00f3n: <\/strong>Es indispensable que PLP reciba la orden de compra correspondiente a esta cotizaci\u00f3n diez d\u00edas h\u00e1biles antes de la fecha del evento o, si el cliente no emite \u00d3rdenes de Compra, que el monto cotizado por el evento sea autorizado por escrito (mediante intercambio de correos) con el mismo per\u00edodo de anticipaci\u00f3n.<strong style=\"font-size: 14px;\">\u00a0<\/strong><\/li><\/ol><ol start=\"2\"><li><strong>N\u00famero m\u00ednimo de participantes: <\/strong>Todos los programas de capacitaci\u00f3n PLP se cotizan considerando un n\u00famero m\u00ednimo de 12 participantes. Para grupos con un n\u00famero de participantes menor al m\u00ednimo (6 a 11 participantes), el precio cotizado del programa de capacitaci\u00f3n ser\u00e1 el que corresponde para 12 participantes.<\/li><\/ol><ol start=\"3\"><li><strong>Costo de participantes adicionales: <\/strong>En la cotizaci\u00f3n de PLP, se estipular\u00e1 claramente el costo de agregar participantes adicionales, m\u00e1s all\u00e1 de un m\u00ednimo de 12.<strong style=\"font-size: 14px;\">\u00a0<\/strong><\/li><\/ol><ol start=\"4\"><li><strong>Fechas l\u00edmite para la lista de participantes: <\/strong>En la fecha l\u00edmite para la entrega de la lista de participantes a PLP, PLP proceder\u00e1 a facturar al cliente con base en ese n\u00famero de participantes. Despu\u00e9s de dicha fecha l\u00edmite, el n\u00famero de participantes puede ser aumentado (sin exceder el m\u00e1ximo de 20), pero no disminuido. Cualquier sustituci\u00f3n entre participantes podr\u00e1 realizarse, previo acuerdo de PLP. (antes de dar de alta al participante en trabajos previos)<strong style=\"font-size: 14px;\">\u00a0<\/strong><\/li><\/ol><ol start=\"5\"><li><strong>Costo de env\u00edo de materiales: <\/strong>En caso de sea necesario, el cliente cubrir\u00e1 el flete de Manuales de participante y materiales auxiliares que deban ser enviados de la Ciudad de M\u00e9xico a otra ciudad.<\/li><\/ol><ol start=\"6\"><li><strong>Costo de los vi\u00e1ticos de los facilitadores- coaches-instructores-consultores de PLP: <\/strong>En caso de que se apliquen, los vi\u00e1ticos corren por cuenta del cliente. Si \u00e9stos no vienen incluidos en la cotizaci\u00f3n, se facturar\u00e1n por separado a costo directo.<\/li><\/ol><ol start=\"7\"><li><strong>Costo de trabajo previo o de otras pruebas e inventarios en l\u00ednea: <\/strong>Una vez que el participante se ha dado de alta en el sistema, el cliente ser\u00e1 responsable de pagar por todos los inventarios y pruebas en l\u00ednea, independientemente de si el participante haya completado o no el test o inventario.<\/li><\/ol><ol start=\"8\"><li><strong>Manuales y material auxiliar de participantes ausentes: <\/strong>Estos no se dejar\u00e1n con el cliente a pesar de haber sido pagado por ellos. Los Manuales de Participante y otros materiales que contienen propiedad intelectual protegida, s\u00f3lo ser\u00e1n entregados a los participantes presentes.<\/li><\/ol><ol start=\"9\"><li><strong>Pol\u00edticas de Cancelaci\u00f3n: <\/strong>Debido al tiempo que nuestros consultores bloquean para la entrega de los diversos proyectos, es importante se\u00f1alar nuestra pol\u00edtica de cancelaci\u00f3n. El porcentaje se aplica al total del monto cotizado.<\/li><\/ol><table width=\"590\"><tbody><tr><td width=\"98\"><p>Duraci\u00f3n del curso, evento, o tiempo de consultor\u00eda<\/p><\/td><td width=\"98\"><p>De\u00a0<span style=\"font-size: 14px;\">20-16\u00a0<\/span><span style=\"font-size: 14px;\">D\u00edas h\u00e1biles de Anticipaci\u00f3n<\/span><\/p><\/td><td width=\"98\"><p>De\u00a0<span style=\"font-size: 14px;\">15-11\u00a0<\/span><span style=\"font-size: 14px;\">D\u00edas h\u00e1biles de Anticipaci\u00f3n<\/span><\/p><\/td><td width=\"98\"><p>De\u00a0<span style=\"font-size: 14px;\">10-6\u00a0<\/span><span style=\"font-size: 14px;\">D\u00edas h\u00e1biles de Anticipaci\u00f3n<\/span><\/p><\/td><td width=\"98\"><p>De\u00a0<span style=\"font-size: 14px;\">5-4\u00a0<\/span><span style=\"font-size: 14px;\">D\u00edas h\u00e1biles de Anticipaci\u00f3n<\/span><\/p><\/td><td width=\"98\"><p>De\u00a0<span style=\"font-size: 14px;\">3-0\u00a0<\/span><span style=\"font-size: 14px;\">D\u00edas h\u00e1biles de Anticipaci\u00f3n<\/span><\/p><\/td><\/tr><tr><td width=\"98\"><p>1-2 d\u00edas<\/p><\/td><td width=\"98\"><p>&#8211;<\/p><\/td><td width=\"98\"><p>20%<\/p><\/td><td width=\"98\"><p>40%<\/p><\/td><td width=\"98\"><p>60%<\/p><\/td><td width=\"98\"><p>100%<\/p><\/td><\/tr><\/tbody><\/table><p><span style=\"font-size: 14pt;\"><strong>\u00a0<\/strong><\/span><\/p><p><span style=\"font-size: 14pt;\"><strong>Referente a la inscripci\u00f3n a Programas Abiertos<\/strong><\/span><\/p><ul style=\"margin-bottom: 0cm; caret-color: #000000; color: #000000; font-family: -webkit-standard; font-style: normal; font-weight: normal; text-size-adjust: auto; margin-top: 0cm;\" type=\"disc\"><li class=\"MsoListParagraph\" style=\"margin: 0cm 0cm 0.0001pt; font-size: 11pt; font-family: Calibri, sans-serif;\"><span lang=\"ES-MX\" style=\"font-size: 12pt; font-family: georgia, palatino, serif;\">No podemos aceptar cancelaciones por ninguna raz\u00f3n de los asistentes que han contestado sus trabajos previos. Se les facturar\u00e1 el precio completo del taller.<\/span><\/li><li class=\"MsoListParagraph\" style=\"margin: 0cm 0cm 0.0001pt; font-size: 11pt; font-family: Calibri, sans-serif;\"><span lang=\"ES-MX\" style=\"font-size: 12pt; font-family: georgia, palatino, serif;\">Una vez que una persona ha confirmado su asistencia, s\u00f3lo podemos aceptar su\u00a0 cancelaci\u00f3n completa sin costo de cancelaci\u00f3n por escrito con 20 d\u00edas h\u00e1biles de anticipaci\u00f3n.<\/span><\/li><li class=\"MsoListParagraph\" style=\"margin: 0cm 0cm 0.0001pt; font-size: 11pt; font-family: Calibri, sans-serif;\"><span lang=\"ES-MX\" style=\"font-size: 12pt; font-family: georgia, palatino, serif;\">Cancelaciones recibidas con menos de 20 d\u00edas de anticipaci\u00f3n ser\u00e1n facturadas seg\u00fan la siguiente tabla:<\/span><\/li><\/ul><p class=\"MsoNormal\" style=\"margin: 0cm 0cm 0.0001pt; font-size: 11pt; font-family: Calibri, sans-serif; caret-color: #000000; color: #000000; font-style: normal; font-weight: normal; text-size-adjust: auto;\"><span lang=\"ES-MX\" style=\"font-size: 12pt;\">\u00a0<\/span><\/p><table class=\"MsoNormalTable\" style=\"caret-color: #000000; font-family: -webkit-standard; text-size-adjust: auto; width: 80.3252%;\" border=\"1\" width=\"492\" cellspacing=\"0\" cellpadding=\"0\"><tbody><tr style=\"border-color: #000000;\"><td style=\"width: 20.2429%; border-width: 1pt; border-color: rgba(255, 255, 255, 0.85); background-color: #cacaca; padding: 0cm 5.4pt;\" valign=\"top\" width=\"98\"><p class=\"MsoNormal\" style=\"margin: 0cm 0cm 0.0001pt; font-size: 11pt; font-family: Calibri, sans-serif;\"><span lang=\"ES-MX\" style=\"font-size: 9pt; font-family: Helvetica, sans-serif;\">Duraci\u00f3n del curso<span style=\"color: #000000;\"><span class=\"Apple-converted-space\">\u00a0<\/span>abierto al p\u00fablico<\/span><\/span><\/p><\/td><td style=\"width: 20.0405%; border-top-width: 1pt; border-right-width: 1pt; border-bottom-width: 1pt; border-left-style: none; border-color: #000000; background-color: #cacaca; padding: 0cm 5.4pt;\" valign=\"top\" width=\"98\"><p class=\"MsoNormal\" style=\"margin: 0cm 0cm 0.0001pt; font-size: 11pt; font-family: Calibri, sans-serif;\"><span lang=\"ES-MX\" style=\"font-size: 9pt; font-family: Helvetica, sans-serif; color: #000000;\">Cancelar de<\/span><\/p><p class=\"MsoNormal\" style=\"margin: 0cm 0cm 0.0001pt; font-size: 11pt; font-family: Calibri, sans-serif;\"><span lang=\"ES-MX\" style=\"font-size: 9pt; font-family: Helvetica, sans-serif; color: #000000;\">20 + d\u00edas h\u00e1biles de Anticipaci\u00f3n<\/span><\/p><\/td><td style=\"width: 19.6356%; border-top-width: 1pt; border-right-width: 1pt; border-bottom-width: 1pt; border-left-style: none; border-color: #000000; background-color: #cacaca; padding: 0cm 5.4pt;\" valign=\"top\" width=\"98\"><p class=\"MsoNormal\" style=\"margin: 0cm 0cm 0.0001pt; font-size: 11pt; font-family: Calibri, sans-serif;\"><span lang=\"ES-MX\" style=\"font-size: 9pt; font-family: Helvetica, sans-serif; color: #000000;\">Cancelar de<\/span><\/p><p class=\"MsoNormal\" style=\"margin: 0cm 0cm 0.0001pt; font-size: 11pt; font-family: Calibri, sans-serif;\"><span lang=\"ES-MX\" style=\"font-size: 9pt; font-family: Helvetica, sans-serif; color: #000000;\">15-19<\/span><\/p><p class=\"MsoNormal\" style=\"margin: 0cm 0cm 0.0001pt; font-size: 11pt; font-family: Calibri, sans-serif;\"><span lang=\"ES-MX\" style=\"font-size: 9pt; font-family: Helvetica, sans-serif; color: #000000;\">d\u00edas h\u00e1biles de Anticipaci\u00f3n<\/span><\/p><\/td><td style=\"width: 19.8381%; border-top-width: 1pt; border-right-width: 1pt; border-bottom-width: 1pt; border-left-style: none; border-color: #000000; background-color: #cacaca; padding: 0cm 5.4pt;\" valign=\"top\" width=\"98\"><p class=\"MsoNormal\" style=\"margin: 0cm 0cm 0.0001pt; font-size: 11pt; font-family: Calibri, sans-serif;\"><span lang=\"ES-MX\" style=\"font-size: 9pt; font-family: Helvetica, sans-serif; color: #000000;\">Cancelar de<\/span><\/p><p class=\"MsoNormal\" style=\"margin: 0cm 0cm 0.0001pt; font-size: 11pt; font-family: Calibri, sans-serif;\"><span lang=\"ES-MX\" style=\"font-size: 9pt; font-family: Helvetica, sans-serif; color: #000000;\">10-14<\/span><\/p><p class=\"MsoNormal\" style=\"margin: 0cm 0cm 0.0001pt; font-size: 11pt; font-family: Calibri, sans-serif;\"><span lang=\"ES-MX\" style=\"font-size: 9pt; font-family: Helvetica, sans-serif; color: #000000;\">d\u00edas h\u00e1biles de Anticipaci\u00f3n<\/span><\/p><p class=\"MsoNormal\" style=\"margin: 0cm 0cm 0.0001pt; font-size: 11pt; font-family: Calibri, sans-serif;\"><span lang=\"ES-MX\" style=\"font-size: 9pt; font-family: Helvetica, sans-serif;\">\u00a0<\/span><\/p><\/td><td style=\"width: 19.8381%; border-top-width: 1pt; border-right-width: 1pt; border-bottom-width: 1pt; border-left-style: none; border-color: #000000; background-color: #cacaca; padding: 0cm 5.4pt;\" valign=\"top\" width=\"98\"><p class=\"MsoNormal\" style=\"margin: 0cm 0cm 0.0001pt; font-size: 11pt; font-family: Calibri, sans-serif;\"><span lang=\"ES-MX\" style=\"font-size: 9pt; font-family: Helvetica, sans-serif; color: #000000;\">Cancelar con menos de 10<\/span><\/p><p class=\"MsoNormal\" style=\"margin: 0cm 0cm 0.0001pt; font-size: 11pt; font-family: Calibri, sans-serif;\"><span lang=\"ES-MX\" style=\"font-size: 9pt; font-family: Helvetica, sans-serif; color: #000000;\">d\u00edas h\u00e1biles de Anticipaci\u00f3n<\/span><\/p><\/td><\/tr><tr style=\"height: 16.15pt; border-color: #000000;\"><td style=\"width: 20.2429%; border-right-width: 1pt; border-bottom-width: 1pt; border-left-width: 1pt; border-top-style: none; border-color: #ffffff; padding: 0cm 5.4pt; height: 16.15pt;\" valign=\"top\" width=\"98\"><p class=\"MsoNormal\" style=\"margin: 0cm 0cm 0.0001pt; font-size: 11pt; font-family: Calibri, sans-serif;\"><span style=\"font-size: 10pt; font-family: Helvetica, sans-serif;\">1-2 d\u00edas<\/span><\/p><\/td><td style=\"width: 20.0405%; border-top-style: none; border-left-style: none; border-color: #ffffff; border-bottom-width: 1pt; border-right-width: 1pt; padding: 0cm 5.4pt; height: 16.15pt;\" valign=\"top\" width=\"98\"><p class=\"MsoNormal\" style=\"margin: 0cm 0cm 0.0001pt; font-size: 11pt; font-family: Calibri, sans-serif; text-align: center;\" align=\"center\"><span style=\"font-size: 10pt; font-family: Helvetica, sans-serif;\">sin costo<\/span><\/p><\/td><td style=\"width: 19.6356%; border-top-style: none; border-left-style: none; border-color: #ffffff; border-bottom-width: 1pt; border-right-width: 1pt; padding: 0cm 5.4pt; height: 16.15pt;\" valign=\"top\" width=\"98\"><p class=\"MsoNormal\" style=\"margin: 0cm 0cm 0.0001pt; font-size: 11pt; font-family: Calibri, sans-serif; text-align: center;\" align=\"center\"><span style=\"font-size: 10pt; font-family: Helvetica, sans-serif;\">40% + iva del costo<\/span><\/p><\/td><td style=\"width: 19.8381%; border-top-style: none; border-left-style: none; border-color: #ffffff; border-bottom-width: 1pt; border-right-width: 1pt; padding: 0cm 5.4pt; height: 16.15pt;\" valign=\"top\" width=\"98\"><p class=\"MsoNormal\" style=\"margin: 0cm 0cm 0.0001pt; font-size: 11pt; font-family: Calibri, sans-serif; text-align: center;\" align=\"center\"><span style=\"font-size: 10pt; font-family: Helvetica, sans-serif;\">60% + iva del costo<\/span><\/p><\/td><td style=\"width: 19.8381%; border-top-style: none; border-left-style: none; border-color: #ffffff; border-bottom-width: 1pt; border-right-width: 1pt; padding: 0cm 5.4pt; height: 16.15pt;\" valign=\"top\" width=\"98\"><p class=\"MsoNormal\" style=\"margin: 0cm 0cm 0.0001pt; font-size: 11pt; font-family: Calibri, sans-serif; text-align: center;\" align=\"center\"><span style=\"font-size: 10pt; font-family: Helvetica, sans-serif;\">100% del costo<\/span><\/p><\/td><\/tr><\/tbody><\/table><p>\u00a0<\/p>\t\t\t\t\t\t<\/div>\n\t\t\t\t<\/div>\n\t\t\t\t\t<\/div>\n\t\t<\/div>\n\t\t\t\t\t\t\t<\/div>\n\t\t<\/section>\n\t\t\t\t\t\t\t<\/div>\n\t\t","protected":false},"excerpt":{"rendered":"<p>T\u00c9RMINOS Y CONDICIONES Referente a cualquier cotizaci\u00f3n emitida por parte de PLP M\u00e9xico Autorizaci\u00f3n de la Cotizaci\u00f3n: Es indispensable que [&hellip;]<\/p>\n","protected":false},"author":1,"featured_media":0,"parent":0,"menu_order":0,"comment_status":"closed","ping_status":"closed","template":"","meta":{"footnotes":"","_joinchat":[]},"yoast_head":"<!-- This site is optimized with the Yoast SEO plugin v22.0 - https:\/\/yoast.com\/wordpress\/plugins\/seo\/ -->\n<title>T\u00e9rminos y Condiciones - PLP M\u00e9xico - Soluciones y cursos de liderazgo CDMX<\/title>\n<meta name=\"robots\" content=\"index, follow, max-snippet:-1, max-image-preview:large, max-video-preview:-1\" \/>\n<link rel=\"canonical\" href=\"https:\/\/www.plp-mexico.com\/sitioplp\/terminos-y-condiciones\/\" \/>\n<meta property=\"og:locale\" content=\"es_MX\" \/>\n<meta property=\"og:type\" content=\"article\" \/>\n<meta property=\"og:title\" content=\"T\u00e9rminos y Condiciones - PLP M\u00e9xico - Soluciones y cursos de liderazgo CDMX\" \/>\n<meta property=\"og:description\" content=\"T\u00c9RMINOS Y CONDICIONES Referente a cualquier cotizaci\u00f3n emitida por parte de PLP M\u00e9xico Autorizaci\u00f3n de la Cotizaci\u00f3n: Es indispensable que [&hellip;]\" \/>\n<meta property=\"og:url\" content=\"https:\/\/www.plp-mexico.com\/sitioplp\/terminos-y-condiciones\/\" \/>\n<meta property=\"og:site_name\" content=\"PLP M\u00e9xico - Soluciones y cursos de liderazgo CDMX\" \/>\n<meta property=\"article:publisher\" content=\"https:\/\/www.facebook.com\/plpmex\" \/>\n<meta property=\"article:modified_time\" content=\"2019-10-17T17:40:06+00:00\" \/>\n<meta name=\"twitter:card\" content=\"summary_large_image\" \/>\n<meta name=\"twitter:site\" content=\"@PLPMex\" \/>\n<meta name=\"twitter:label1\" content=\"Tiempo de lectura\" \/>\n\t<meta name=\"twitter:data1\" content=\"3 minutos\" \/>\n<script type=\"application\/ld+json\" class=\"yoast-schema-graph\">{\"@context\":\"https:\/\/schema.org\",\"@graph\":[{\"@type\":\"WebPage\",\"@id\":\"https:\/\/www.plp-mexico.com\/sitioplp\/terminos-y-condiciones\/\",\"url\":\"https:\/\/www.plp-mexico.com\/sitioplp\/terminos-y-condiciones\/\",\"name\":\"T\u00e9rminos y Condiciones - PLP M\u00e9xico - Soluciones y cursos de liderazgo CDMX\",\"isPartOf\":{\"@id\":\"https:\/\/www.plp-mexico.com\/sitioplp\/#website\"},\"datePublished\":\"2019-10-17T17:23:29+00:00\",\"dateModified\":\"2019-10-17T17:40:06+00:00\",\"breadcrumb\":{\"@id\":\"https:\/\/www.plp-mexico.com\/sitioplp\/terminos-y-condiciones\/#breadcrumb\"},\"inLanguage\":\"es-MX\",\"potentialAction\":[{\"@type\":\"ReadAction\",\"target\":[\"https:\/\/www.plp-mexico.com\/sitioplp\/terminos-y-condiciones\/\"]}]},{\"@type\":\"BreadcrumbList\",\"@id\":\"https:\/\/www.plp-mexico.com\/sitioplp\/terminos-y-condiciones\/#breadcrumb\",\"itemListElement\":[{\"@type\":\"ListItem\",\"position\":1,\"name\":\"Inicio\",\"item\":\"https:\/\/www.plp-mexico.com\/sitioplp\/\"},{\"@type\":\"ListItem\",\"position\":2,\"name\":\"T\u00e9rminos y Condiciones\"}]},{\"@type\":\"WebSite\",\"@id\":\"https:\/\/www.plp-mexico.com\/sitioplp\/#website\",\"url\":\"https:\/\/www.plp-mexico.com\/sitioplp\/\",\"name\":\"PLP M\u00e9xico - Soluciones y cursos de liderazgo CDMX\",\"description\":\"Trabajamos con marcas de reconocimiento global para resolver cualquier desaf\u00edo de liderazgo creando soluciones completamente hechas a la medida.\",\"publisher\":{\"@id\":\"https:\/\/www.plp-mexico.com\/sitioplp\/#organization\"},\"potentialAction\":[{\"@type\":\"SearchAction\",\"target\":{\"@type\":\"EntryPoint\",\"urlTemplate\":\"https:\/\/www.plp-mexico.com\/sitioplp\/?s={search_term_string}\"},\"query-input\":\"required name=search_term_string\"}],\"inLanguage\":\"es-MX\"},{\"@type\":\"Organization\",\"@id\":\"https:\/\/www.plp-mexico.com\/sitioplp\/#organization\",\"name\":\"PLP M\u00e9xico | Soluciones de Liderazgo\",\"url\":\"https:\/\/www.plp-mexico.com\/sitioplp\/\",\"logo\":{\"@type\":\"ImageObject\",\"inLanguage\":\"es-MX\",\"@id\":\"https:\/\/www.plp-mexico.com\/sitioplp\/#\/schema\/logo\/image\/\",\"url\":\"https:\/\/www.plp-mexico.com\/sitioplp\/wp-content\/uploads\/2018\/06\/ico.jpg\",\"contentUrl\":\"https:\/\/www.plp-mexico.com\/sitioplp\/wp-content\/uploads\/2018\/06\/ico.jpg\",\"width\":513,\"height\":513,\"caption\":\"PLP M\u00e9xico | Soluciones de Liderazgo\"},\"image\":{\"@id\":\"https:\/\/www.plp-mexico.com\/sitioplp\/#\/schema\/logo\/image\/\"},\"sameAs\":[\"https:\/\/www.facebook.com\/plpmex\",\"https:\/\/twitter.com\/PLPMex\",\"https:\/\/www.linkedin.com\/company\/professional-learning-partners\/\",\"https:\/\/www.youtube.com\/user\/PLPMex\"]}]}<\/script>\n<!-- \/ Yoast SEO plugin. -->","yoast_head_json":{"title":"T\u00e9rminos y Condiciones - PLP M\u00e9xico - Soluciones y cursos de liderazgo CDMX","robots":{"index":"index","follow":"follow","max-snippet":"max-snippet:-1","max-image-preview":"max-image-preview:large","max-video-preview":"max-video-preview:-1"},"canonical":"https:\/\/www.plp-mexico.com\/sitioplp\/terminos-y-condiciones\/","og_locale":"es_MX","og_type":"article","og_title":"T\u00e9rminos y Condiciones - PLP M\u00e9xico - Soluciones y cursos de liderazgo CDMX","og_description":"T\u00c9RMINOS Y CONDICIONES Referente a cualquier cotizaci\u00f3n emitida por parte de PLP M\u00e9xico Autorizaci\u00f3n de la Cotizaci\u00f3n: Es indispensable que [&hellip;]","og_url":"https:\/\/www.plp-mexico.com\/sitioplp\/terminos-y-condiciones\/","og_site_name":"PLP M\u00e9xico - Soluciones y cursos de liderazgo CDMX","article_publisher":"https:\/\/www.facebook.com\/plpmex","article_modified_time":"2019-10-17T17:40:06+00:00","twitter_card":"summary_large_image","twitter_site":"@PLPMex","twitter_misc":{"Tiempo de lectura":"3 minutos"},"schema":{"@context":"https:\/\/schema.org","@graph":[{"@type":"WebPage","@id":"https:\/\/www.plp-mexico.com\/sitioplp\/terminos-y-condiciones\/","url":"https:\/\/www.plp-mexico.com\/sitioplp\/terminos-y-condiciones\/","name":"T\u00e9rminos y Condiciones - PLP M\u00e9xico - Soluciones y cursos de liderazgo CDMX","isPartOf":{"@id":"https:\/\/www.plp-mexico.com\/sitioplp\/#website"},"datePublished":"2019-10-17T17:23:29+00:00","dateModified":"2019-10-17T17:40:06+00:00","breadcrumb":{"@id":"https:\/\/www.plp-mexico.com\/sitioplp\/terminos-y-condiciones\/#breadcrumb"},"inLanguage":"es-MX","potentialAction":[{"@type":"ReadAction","target":["https:\/\/www.plp-mexico.com\/sitioplp\/terminos-y-condiciones\/"]}]},{"@type":"BreadcrumbList","@id":"https:\/\/www.plp-mexico.com\/sitioplp\/terminos-y-condiciones\/#breadcrumb","itemListElement":[{"@type":"ListItem","position":1,"name":"Inicio","item":"https:\/\/www.plp-mexico.com\/sitioplp\/"},{"@type":"ListItem","position":2,"name":"T\u00e9rminos y Condiciones"}]},{"@type":"WebSite","@id":"https:\/\/www.plp-mexico.com\/sitioplp\/#website","url":"https:\/\/www.plp-mexico.com\/sitioplp\/","name":"PLP M\u00e9xico - Soluciones y cursos de liderazgo CDMX","description":"Trabajamos con marcas de reconocimiento global para resolver cualquier desaf\u00edo de liderazgo creando soluciones completamente hechas a la medida.","publisher":{"@id":"https:\/\/www.plp-mexico.com\/sitioplp\/#organization"},"potentialAction":[{"@type":"SearchAction","target":{"@type":"EntryPoint","urlTemplate":"https:\/\/www.plp-mexico.com\/sitioplp\/?s={search_term_string}"},"query-input":"required name=search_term_string"}],"inLanguage":"es-MX"},{"@type":"Organization","@id":"https:\/\/www.plp-mexico.com\/sitioplp\/#organization","name":"PLP M\u00e9xico | Soluciones de Liderazgo","url":"https:\/\/www.plp-mexico.com\/sitioplp\/","logo":{"@type":"ImageObject","inLanguage":"es-MX","@id":"https:\/\/www.plp-mexico.com\/sitioplp\/#\/schema\/logo\/image\/","url":"https:\/\/www.plp-mexico.com\/sitioplp\/wp-content\/uploads\/2018\/06\/ico.jpg","contentUrl":"https:\/\/www.plp-mexico.com\/sitioplp\/wp-content\/uploads\/2018\/06\/ico.jpg","width":513,"height":513,"caption":"PLP M\u00e9xico | Soluciones de Liderazgo"},"image":{"@id":"https:\/\/www.plp-mexico.com\/sitioplp\/#\/schema\/logo\/image\/"},"sameAs":["https:\/\/www.facebook.com\/plpmex","https:\/\/twitter.com\/PLPMex","https:\/\/www.linkedin.com\/company\/professional-learning-partners\/","https:\/\/www.youtube.com\/user\/PLPMex"]}]}},"_links":{"self":[{"href":"https:\/\/www.plp-mexico.com\/sitioplp\/wp-json\/wp\/v2\/pages\/1494"}],"collection":[{"href":"https:\/\/www.plp-mexico.com\/sitioplp\/wp-json\/wp\/v2\/pages"}],"about":[{"href":"https:\/\/www.plp-mexico.com\/sitioplp\/wp-json\/wp\/v2\/types\/page"}],"author":[{"embeddable":true,"href":"https:\/\/www.plp-mexico.com\/sitioplp\/wp-json\/wp\/v2\/users\/1"}],"replies":[{"embeddable":true,"href":"https:\/\/www.plp-mexico.com\/sitioplp\/wp-json\/wp\/v2\/comments?post=1494"}],"version-history":[{"count":6,"href":"https:\/\/www.plp-mexico.com\/sitioplp\/wp-json\/wp\/v2\/pages\/1494\/revisions"}],"predecessor-version":[{"id":1501,"href":"https:\/\/www.plp-mexico.com\/sitioplp\/wp-json\/wp\/v2\/pages\/1494\/revisions\/1501"}],"wp:attachment":[{"href":"https:\/\/www.plp-mexico.com\/sitioplp\/wp-json\/wp\/v2\/media?parent=1494"}],"curies":[{"name":"wp","href":"https:\/\/api.w.org\/{rel}","templated":true}]}}