{"id":2093,"date":"2022-01-13T19:36:27","date_gmt":"2022-01-14T01:36:27","guid":{"rendered":"https:\/\/www.plp-mexico.com\/sitioplp\/?page_id=2093"},"modified":"2022-01-26T13:17:39","modified_gmt":"2022-01-26T19:17:39","slug":"envio-de-invitaciones-harrison-assessments","status":"publish","type":"page","link":"https:\/\/www.plp-mexico.com\/sitioplp\/envio-de-invitaciones-harrison-assessments\/","title":{"rendered":"Env\u00edo de Invitaciones Harrison Assessments"},"content":{"rendered":"\t\t<div data-elementor-type=\"wp-page\" data-elementor-id=\"2093\" class=\"elementor elementor-2093\">\n\t\t\t\t\t\t\t\t\t<section class=\"elementor-section elementor-top-section elementor-element elementor-element-871445b elementor-section-stretched elementor-section-boxed elementor-section-height-default elementor-section-height-default\" data-id=\"871445b\" data-element_type=\"section\" data-settings=\"{&quot;stretch_section&quot;:&quot;section-stretched&quot;,&quot;jet_parallax_layout_list&quot;:[{&quot;jet_parallax_layout_image&quot;:{&quot;url&quot;:&quot;&quot;,&quot;id&quot;:&quot;&quot;,&quot;size&quot;:&quot;&quot;},&quot;_id&quot;:&quot;d24058a&quot;,&quot;jet_parallax_layout_image_tablet&quot;:{&quot;url&quot;:&quot;&quot;,&quot;id&quot;:&quot;&quot;,&quot;size&quot;:&quot;&quot;},&quot;jet_parallax_layout_image_mobile&quot;:{&quot;url&quot;:&quot;&quot;,&quot;id&quot;:&quot;&quot;,&quot;size&quot;:&quot;&quot;},&quot;jet_parallax_layout_speed&quot;:{&quot;unit&quot;:&quot;%&quot;,&quot;size&quot;:50,&quot;sizes&quot;:[]},&quot;jet_parallax_layout_type&quot;:&quot;scroll&quot;,&quot;jet_parallax_layout_direction&quot;:null,&quot;jet_parallax_layout_fx_direction&quot;:null,&quot;jet_parallax_layout_z_index&quot;:&quot;&quot;,&quot;jet_parallax_layout_bg_x&quot;:50,&quot;jet_parallax_layout_bg_x_tablet&quot;:&quot;&quot;,&quot;jet_parallax_layout_bg_x_mobile&quot;:&quot;&quot;,&quot;jet_parallax_layout_bg_y&quot;:50,&quot;jet_parallax_layout_bg_y_tablet&quot;:&quot;&quot;,&quot;jet_parallax_layout_bg_y_mobile&quot;:&quot;&quot;,&quot;jet_parallax_layout_bg_size&quot;:&quot;auto&quot;,&quot;jet_parallax_layout_bg_size_tablet&quot;:&quot;&quot;,&quot;jet_parallax_layout_bg_size_mobile&quot;:&quot;&quot;,&quot;jet_parallax_layout_animation_prop&quot;:&quot;transform&quot;,&quot;jet_parallax_layout_on&quot;:[&quot;desktop&quot;,&quot;tablet&quot;]}],&quot;background_background&quot;:&quot;classic&quot;}\">\n\t\t\t\t\t\t<div class=\"elementor-container elementor-column-gap-default\">\n\t\t\t\t\t<div class=\"elementor-column elementor-col-100 elementor-top-column elementor-element elementor-element-a8a9db5\" data-id=\"a8a9db5\" data-element_type=\"column\">\n\t\t\t<div class=\"elementor-widget-wrap elementor-element-populated\">\n\t\t\t\t\t\t\t\t<div class=\"elementor-element elementor-element-282fe60 elementor-widget elementor-widget-heading\" data-id=\"282fe60\" data-element_type=\"widget\" data-widget_type=\"heading.default\">\n\t\t\t\t<div class=\"elementor-widget-container\">\n\t\t\t<h2 class=\"elementor-heading-title elementor-size-default\">2.- Env\u00edo de invitaciones Harrison Assessments<\/h2>\t\t<\/div>\n\t\t\t\t<\/div>\n\t\t\t\t\t<\/div>\n\t\t<\/div>\n\t\t\t\t\t\t\t<\/div>\n\t\t<\/section>\n\t\t\t\t<section class=\"elementor-section elementor-top-section elementor-element elementor-element-8dbaeaf elementor-section-stretched elementor-section-boxed elementor-section-height-default elementor-section-height-default\" data-id=\"8dbaeaf\" data-element_type=\"section\" data-settings=\"{&quot;stretch_section&quot;:&quot;section-stretched&quot;,&quot;jet_parallax_layout_list&quot;:[{&quot;jet_parallax_layout_image&quot;:{&quot;url&quot;:&quot;&quot;,&quot;id&quot;:&quot;&quot;,&quot;size&quot;:&quot;&quot;},&quot;_id&quot;:&quot;73df0ca&quot;,&quot;jet_parallax_layout_image_tablet&quot;:{&quot;url&quot;:&quot;&quot;,&quot;id&quot;:&quot;&quot;,&quot;size&quot;:&quot;&quot;},&quot;jet_parallax_layout_image_mobile&quot;:{&quot;url&quot;:&quot;&quot;,&quot;id&quot;:&quot;&quot;,&quot;size&quot;:&quot;&quot;},&quot;jet_parallax_layout_speed&quot;:{&quot;unit&quot;:&quot;%&quot;,&quot;size&quot;:50,&quot;sizes&quot;:[]},&quot;jet_parallax_layout_type&quot;:&quot;scroll&quot;,&quot;jet_parallax_layout_direction&quot;:null,&quot;jet_parallax_layout_fx_direction&quot;:null,&quot;jet_parallax_layout_z_index&quot;:&quot;&quot;,&quot;jet_parallax_layout_bg_x&quot;:50,&quot;jet_parallax_layout_bg_x_tablet&quot;:&quot;&quot;,&quot;jet_parallax_layout_bg_x_mobile&quot;:&quot;&quot;,&quot;jet_parallax_layout_bg_y&quot;:50,&quot;jet_parallax_layout_bg_y_tablet&quot;:&quot;&quot;,&quot;jet_parallax_layout_bg_y_mobile&quot;:&quot;&quot;,&quot;jet_parallax_layout_bg_size&quot;:&quot;auto&quot;,&quot;jet_parallax_layout_bg_size_tablet&quot;:&quot;&quot;,&quot;jet_parallax_layout_bg_size_mobile&quot;:&quot;&quot;,&quot;jet_parallax_layout_animation_prop&quot;:&quot;transform&quot;,&quot;jet_parallax_layout_on&quot;:[&quot;desktop&quot;,&quot;tablet&quot;]}]}\">\n\t\t\t\t\t\t<div class=\"elementor-container elementor-column-gap-default\">\n\t\t\t\t\t<div class=\"elementor-column elementor-col-66 elementor-top-column elementor-element elementor-element-17d4d5d\" data-id=\"17d4d5d\" data-element_type=\"column\">\n\t\t\t<div class=\"elementor-widget-wrap elementor-element-populated\">\n\t\t\t\t\t\t\t\t<div class=\"elementor-element elementor-element-34189eb elementor-widget elementor-widget-spacer\" data-id=\"34189eb\" data-element_type=\"widget\" data-widget_type=\"spacer.default\">\n\t\t\t\t<div class=\"elementor-widget-container\">\n\t\t\t\t\t<div class=\"elementor-spacer\">\n\t\t\t<div class=\"elementor-spacer-inner\"><\/div>\n\t\t<\/div>\n\t\t\t\t<\/div>\n\t\t\t\t<\/div>\n\t\t\t\t<div class=\"elementor-element elementor-element-2df6f46 elementor-widget elementor-widget-text-editor\" data-id=\"2df6f46\" data-element_type=\"widget\" data-widget_type=\"text-editor.default\">\n\t\t\t\t<div class=\"elementor-widget-container\">\n\t\t\t\t\t\t\t<p>El<strong> env\u00edo de invitaciones no genera ning\u00fan cargo a su cuenta<\/strong>, el sistema Harrison comenzar\u00e1 a descontar unidades una vez que se genere un reporte.<\/p>\n<ul>\n<li><span style=\"color: var( --e-global-color-text ); font-size: 14px;\"><b>Ingrese al sistema <\/b>con su usuario y contrase\u00f1a.<\/span><\/li>\n<li><span style=\"font-size: 14px; color: var( --e-global-color-text );\">De clic en <strong>Agregar Empleado \/ Enviar Cuestionario<\/strong><\/span><\/li>\n<\/ul>\n<p><img fetchpriority=\"high\" decoding=\"async\" src=\"https:\/\/www.plp-mexico.com\/sitioplp\/wp-content\/uploads\/2022\/01\/invitaciones-1.png\" alt=\"\" width=\"489\" height=\"205\"><\/p>\n<ul>\n<li>&nbsp;Incluya los datos del participante: <strong>Nombre \/ Apellido \/ Direcci\u00f3n de Correo Electr\u00f3nico. <\/strong>Al finalizar de clic en <strong>Guardar y Enviar Cuestionario.<\/strong><\/li>\n<\/ul>\n<div><img decoding=\"async\" class=\"alignnone size-full wp-image-2155\" src=\"https:\/\/www.plp-mexico.com\/sitioplp\/wp-content\/uploads\/2022\/01\/invitaciones-2.png\" alt=\"\" width=\"986\" height=\"626\" srcset=\"https:\/\/www.plp-mexico.com\/sitioplp\/wp-content\/uploads\/2022\/01\/invitaciones-2.png 986w, https:\/\/www.plp-mexico.com\/sitioplp\/wp-content\/uploads\/2022\/01\/invitaciones-2-300x190.png 300w, https:\/\/www.plp-mexico.com\/sitioplp\/wp-content\/uploads\/2022\/01\/invitaciones-2-768x488.png 768w\" sizes=\"(max-width: 986px) 100vw, 986px\" \/><\/div>\n<div>&nbsp;<\/div>\n<ul>\n<li>Se abrir\u00e1 una nueva ventana en donde tendr\u00e1 que verificar:<\/li>\n<\/ul>\n<ol>\n<li><span style=\"font-size: 14px; color: var( --e-global-color-text );\"><b>Nombre \/ Apellido y Correo Electr\u00f3nico<\/b><\/span><\/li>\n<li><span style=\"font-size: 14px; color: var( --e-global-color-text );\">Seleccione el <b>Puesto Actual<\/b> (si a\u00fan no lo tiene en la lista puede seleccionar <i>Ning\u00fan puesto seleccionado<\/i>)<\/span><\/li>\n<li>Tiene como opci\u00f3n activar una notificaci\u00f3n cuando el participante responda dando clic en <b>Notificar a usuarios una vez completado.<\/b><\/li>\n<li>&nbsp;El texto de la invitaci\u00f3n puede modificarse dando clic en <b>Editar Texto de Correo.&nbsp;<\/b><\/li>\n<li>Al terminar la revisi\u00f3n de los puntos anteriores, deber\u00e1 dar clic en<b> Enviar por correo esta invitaci\u00f3n de Cuestionario ahora.<\/b><\/li>\n<\/ol>\n<p><span style=\"font-size: 14px; color: var( --e-global-color-text );\">&nbsp;<\/span><img decoding=\"async\" class=\"alignnone size-full wp-image-2169\" style=\"font-family: inherit; font-style: inherit; font-weight: inherit; color: var( --e-global-color-text );\" src=\"https:\/\/www.plp-mexico.com\/sitioplp\/wp-content\/uploads\/2022\/01\/invitaciones-4.png\" alt=\"\" width=\"1177\" height=\"686\" srcset=\"https:\/\/www.plp-mexico.com\/sitioplp\/wp-content\/uploads\/2022\/01\/invitaciones-4.png 1177w, https:\/\/www.plp-mexico.com\/sitioplp\/wp-content\/uploads\/2022\/01\/invitaciones-4-300x175.png 300w, https:\/\/www.plp-mexico.com\/sitioplp\/wp-content\/uploads\/2022\/01\/invitaciones-4-1024x597.png 1024w, https:\/\/www.plp-mexico.com\/sitioplp\/wp-content\/uploads\/2022\/01\/invitaciones-4-768x448.png 768w\" sizes=\"(max-width: 1177px) 100vw, 1177px\" \/><\/p>\n<p>La invitaci\u00f3n se enviar\u00e1 al participante con una liga personal para que pueda ingresar a responder el cuestionario.<\/p>\n<p>El remitente del cuestionario es<b> hats.admin@harrisonassessments.com.&nbsp;&nbsp;<\/b><span style=\"font-size: 14px; color: var( --e-global-color-text );\">Se puede responder en tel\u00e9fono m\u00f3vil, tablet o equipo de c\u00f3mputo.<\/span><\/p>\n<div>\n<p>Al finalizar se podr\u00e1 ver al empleado en el <b>Tablero de empleados<\/b> con el estatus de Idoneidad &#8211; <b>Esperando Respuesta<\/b><\/p>\n<p><b><img loading=\"lazy\" decoding=\"async\" class=\"alignnone wp-image-2247 size-full\" src=\"https:\/\/www.plp-mexico.com\/sitioplp\/wp-content\/uploads\/2022\/01\/invitaciones-5.png\" alt=\"\" width=\"880\" height=\"270\" srcset=\"https:\/\/www.plp-mexico.com\/sitioplp\/wp-content\/uploads\/2022\/01\/invitaciones-5.png 880w, https:\/\/www.plp-mexico.com\/sitioplp\/wp-content\/uploads\/2022\/01\/invitaciones-5-300x92.png 300w, https:\/\/www.plp-mexico.com\/sitioplp\/wp-content\/uploads\/2022\/01\/invitaciones-5-768x236.png 768w\" sizes=\"(max-width: 880px) 100vw, 880px\" \/><\/b><\/p>\n<\/div>\t\t\t\t\t\t<\/div>\n\t\t\t\t<\/div>\n\t\t\t\t<div class=\"elementor-element elementor-element-667ac5e elementor-widget elementor-widget-text-editor\" data-id=\"667ac5e\" data-element_type=\"widget\" data-widget_type=\"text-editor.default\">\n\t\t\t\t<div class=\"elementor-widget-container\">\n\t\t\t\t\t\t\t<div style=\"font-size: 24px;\"><strong><span style=\"color: #072a4e;\">\u00bfNecesita m\u00e1s ayuda?<\/span><\/strong><\/div>\n<div>\u00bf<i>C\u00f3mo podemos ayudarle?<\/i><\/div>\n<div><strong>E-mail:<\/strong> javier.millan@plp-mexico.com<\/div>\n<div><strong>Whats App:<\/strong> 551567 5775<\/div>\t\t\t\t\t\t<\/div>\n\t\t\t\t<\/div>\n\t\t\t\t\t<\/div>\n\t\t<\/div>\n\t\t\t\t<div class=\"elementor-column elementor-col-33 elementor-top-column elementor-element elementor-element-8d4a23d elementor-hidden-tablet elementor-hidden-mobile\" data-id=\"8d4a23d\" data-element_type=\"column\">\n\t\t\t<div class=\"elementor-widget-wrap elementor-element-populated\">\n\t\t\t\t\t\t\t\t<div class=\"elementor-element elementor-element-b65ecd6 elementor-widget elementor-widget-spacer\" data-id=\"b65ecd6\" data-element_type=\"widget\" data-widget_type=\"spacer.default\">\n\t\t\t\t<div class=\"elementor-widget-container\">\n\t\t\t\t\t<div class=\"elementor-spacer\">\n\t\t\t<div class=\"elementor-spacer-inner\"><\/div>\n\t\t<\/div>\n\t\t\t\t<\/div>\n\t\t\t\t<\/div>\n\t\t\t\t<div class=\"elementor-element elementor-element-f72c1e2 elementor-widget elementor-widget-text-editor\" data-id=\"f72c1e2\" data-element_type=\"widget\" data-widget_type=\"text-editor.default\">\n\t\t\t\t<div class=\"elementor-widget-container\">\n\t\t\t\t\t\t\t<div style=\"font-size: 24px;\"><strong><span style=\"color: #072a4e;\">\u00bfNecesita asistencia?<\/span><\/strong><\/div><div style=\"text-align: justify;\">Si tiene dudas por favor cont\u00e1ctenos.<\/div><div><strong>E-mail:<\/strong> javier.millan@plp-mexico.com<\/div><div><strong>Whats App:<\/strong> 551567 5775<\/div>\t\t\t\t\t\t<\/div>\n\t\t\t\t<\/div>\n\t\t\t\t<div class=\"elementor-element elementor-element-756c563 elementor-widget elementor-widget-spacer\" data-id=\"756c563\" data-element_type=\"widget\" data-widget_type=\"spacer.default\">\n\t\t\t\t<div class=\"elementor-widget-container\">\n\t\t\t\t\t<div class=\"elementor-spacer\">\n\t\t\t<div class=\"elementor-spacer-inner\"><\/div>\n\t\t<\/div>\n\t\t\t\t<\/div>\n\t\t\t\t<\/div>\n\t\t\t\t<div class=\"elementor-element elementor-element-91ad36d elementor-widget elementor-widget-text-editor\" data-id=\"91ad36d\" data-element_type=\"widget\" data-widget_type=\"text-editor.default\">\n\t\t\t\t<div class=\"elementor-widget-container\">\n\t\t\t\t\t\t\t<div style=\"font-size: 24px; line-height: 100%;\"><strong><span style=\"color: #072a4e;\">Estos Webinars le pueden interesar<\/span><\/strong><\/div>\n<div>&nbsp;<\/div>\n<div><strong>Sesi\u00f3n 1:&nbsp;<\/strong><a href=\"https:\/\/youtu.be\/Ef4E40nOmeU\"><strong>Interpretando Paradojas<\/strong><\/a><br><strong>Sesi\u00f3n 2:&nbsp;<\/strong><a href=\"https:\/\/youtu.be\/_-NE-5E9R_k\"><strong>Reportes de Engagement<\/strong><\/a><br><strong>Sesi\u00f3n 3:&nbsp;<\/strong><a href=\"https:\/\/youtu.be\/V9eLPbQPElo\"><strong>Planeaci\u00f3n de Sucesi\u00f3n<\/strong><\/a><br><strong>Sesi\u00f3n 4:&nbsp;<\/strong><a href=\"https:\/\/youtu.be\/ZFA5o1IvLbQ\"><strong>Preselecci\u00f3n de sus candidatos<\/strong><\/a><br><strong>Sesi\u00f3n 5:&nbsp;<\/strong><a href=\"https:\/\/youtu.be\/jMu83SmUBto\"><strong>\u00bfCu\u00e1n satisfechos (engaged) se encuentran sus talentos?<\/strong><\/a><\/div>\t\t\t\t\t\t<\/div>\n\t\t\t\t<\/div>\n\t\t\t\t\t<\/div>\n\t\t<\/div>\n\t\t\t\t\t\t\t<\/div>\n\t\t<\/section>\n\t\t\t\t\t\t\t<\/div>\n\t\t","protected":false},"excerpt":{"rendered":"<p>2.- Env\u00edo de invitaciones Harrison Assessments El env\u00edo de invitaciones no genera ning\u00fan cargo a su cuenta, el sistema Harrison [&hellip;]<\/p>\n","protected":false},"author":1,"featured_media":0,"parent":0,"menu_order":0,"comment_status":"closed","ping_status":"closed","template":"","meta":{"footnotes":"","_joinchat":[]},"yoast_head":"<!-- This site is optimized with the Yoast SEO plugin v22.0 - https:\/\/yoast.com\/wordpress\/plugins\/seo\/ -->\n<title>Env\u00edo de Invitaciones Harrison Assessments - PLP M\u00e9xico<\/title>\n<meta name=\"description\" content=\"Como usuario de Harrison Assessment tendr\u00e1 la opci\u00f3n de enviar invitaciones para que sus colaboradores\/candidatos respondan el cuestionario Harrison en l\u00ednea.\" \/>\n<meta name=\"robots\" content=\"index, follow, max-snippet:-1, max-image-preview:large, max-video-preview:-1\" \/>\n<link rel=\"canonical\" href=\"https:\/\/www.plp-mexico.com\/sitioplp\/envio-de-invitaciones-harrison-assessments\/\" \/>\n<meta property=\"og:locale\" content=\"es_MX\" \/>\n<meta property=\"og:type\" content=\"article\" \/>\n<meta property=\"og:title\" content=\"Env\u00edo de Invitaciones Harrison Assessments - PLP M\u00e9xico\" \/>\n<meta property=\"og:description\" content=\"Como usuario de Harrison Assessment tendr\u00e1 la opci\u00f3n de enviar invitaciones para que sus colaboradores\/candidatos respondan el cuestionario Harrison en l\u00ednea.\" \/>\n<meta property=\"og:url\" content=\"https:\/\/www.plp-mexico.com\/sitioplp\/envio-de-invitaciones-harrison-assessments\/\" \/>\n<meta property=\"og:site_name\" content=\"PLP M\u00e9xico - Soluciones y cursos de liderazgo CDMX\" \/>\n<meta property=\"article:publisher\" content=\"https:\/\/www.facebook.com\/plpmex\" \/>\n<meta property=\"article:modified_time\" content=\"2022-01-26T19:17:39+00:00\" \/>\n<meta property=\"og:image\" content=\"https:\/\/www.plp-mexico.com\/sitioplp\/wp-content\/uploads\/2022\/01\/invitaciones-1.png\" \/>\n<meta name=\"twitter:card\" content=\"summary_large_image\" \/>\n<meta name=\"twitter:site\" content=\"@PLPMex\" \/>\n<meta name=\"twitter:label1\" content=\"Tiempo de lectura\" \/>\n\t<meta name=\"twitter:data1\" content=\"3 minutos\" \/>\n<script type=\"application\/ld+json\" class=\"yoast-schema-graph\">{\"@context\":\"https:\/\/schema.org\",\"@graph\":[{\"@type\":\"WebPage\",\"@id\":\"https:\/\/www.plp-mexico.com\/sitioplp\/envio-de-invitaciones-harrison-assessments\/\",\"url\":\"https:\/\/www.plp-mexico.com\/sitioplp\/envio-de-invitaciones-harrison-assessments\/\",\"name\":\"Env\u00edo de Invitaciones Harrison Assessments - PLP M\u00e9xico\",\"isPartOf\":{\"@id\":\"https:\/\/www.plp-mexico.com\/sitioplp\/#website\"},\"datePublished\":\"2022-01-14T01:36:27+00:00\",\"dateModified\":\"2022-01-26T19:17:39+00:00\",\"description\":\"Como usuario de Harrison Assessment tendr\u00e1 la opci\u00f3n de enviar invitaciones para que sus colaboradores\/candidatos respondan el cuestionario Harrison en l\u00ednea.\",\"breadcrumb\":{\"@id\":\"https:\/\/www.plp-mexico.com\/sitioplp\/envio-de-invitaciones-harrison-assessments\/#breadcrumb\"},\"inLanguage\":\"es-MX\",\"potentialAction\":[{\"@type\":\"ReadAction\",\"target\":[\"https:\/\/www.plp-mexico.com\/sitioplp\/envio-de-invitaciones-harrison-assessments\/\"]}]},{\"@type\":\"BreadcrumbList\",\"@id\":\"https:\/\/www.plp-mexico.com\/sitioplp\/envio-de-invitaciones-harrison-assessments\/#breadcrumb\",\"itemListElement\":[{\"@type\":\"ListItem\",\"position\":1,\"name\":\"Inicio\",\"item\":\"https:\/\/www.plp-mexico.com\/sitioplp\/\"},{\"@type\":\"ListItem\",\"position\":2,\"name\":\"Env\u00edo de Invitaciones Harrison Assessments\"}]},{\"@type\":\"WebSite\",\"@id\":\"https:\/\/www.plp-mexico.com\/sitioplp\/#website\",\"url\":\"https:\/\/www.plp-mexico.com\/sitioplp\/\",\"name\":\"PLP M\u00e9xico - Soluciones y cursos de liderazgo CDMX\",\"description\":\"Trabajamos con marcas de reconocimiento global para resolver cualquier desaf\u00edo de liderazgo creando soluciones completamente hechas a la medida.\",\"publisher\":{\"@id\":\"https:\/\/www.plp-mexico.com\/sitioplp\/#organization\"},\"potentialAction\":[{\"@type\":\"SearchAction\",\"target\":{\"@type\":\"EntryPoint\",\"urlTemplate\":\"https:\/\/www.plp-mexico.com\/sitioplp\/?s={search_term_string}\"},\"query-input\":\"required name=search_term_string\"}],\"inLanguage\":\"es-MX\"},{\"@type\":\"Organization\",\"@id\":\"https:\/\/www.plp-mexico.com\/sitioplp\/#organization\",\"name\":\"PLP M\u00e9xico | Soluciones de Liderazgo\",\"url\":\"https:\/\/www.plp-mexico.com\/sitioplp\/\",\"logo\":{\"@type\":\"ImageObject\",\"inLanguage\":\"es-MX\",\"@id\":\"https:\/\/www.plp-mexico.com\/sitioplp\/#\/schema\/logo\/image\/\",\"url\":\"https:\/\/www.plp-mexico.com\/sitioplp\/wp-content\/uploads\/2018\/06\/ico.jpg\",\"contentUrl\":\"https:\/\/www.plp-mexico.com\/sitioplp\/wp-content\/uploads\/2018\/06\/ico.jpg\",\"width\":513,\"height\":513,\"caption\":\"PLP M\u00e9xico | Soluciones de Liderazgo\"},\"image\":{\"@id\":\"https:\/\/www.plp-mexico.com\/sitioplp\/#\/schema\/logo\/image\/\"},\"sameAs\":[\"https:\/\/www.facebook.com\/plpmex\",\"https:\/\/twitter.com\/PLPMex\",\"https:\/\/www.linkedin.com\/company\/professional-learning-partners\/\",\"https:\/\/www.youtube.com\/user\/PLPMex\"]}]}<\/script>\n<!-- \/ Yoast SEO plugin. -->","yoast_head_json":{"title":"Env\u00edo de Invitaciones Harrison Assessments - PLP M\u00e9xico","description":"Como usuario de Harrison Assessment tendr\u00e1 la opci\u00f3n de enviar invitaciones para que sus colaboradores\/candidatos respondan el cuestionario Harrison en l\u00ednea.","robots":{"index":"index","follow":"follow","max-snippet":"max-snippet:-1","max-image-preview":"max-image-preview:large","max-video-preview":"max-video-preview:-1"},"canonical":"https:\/\/www.plp-mexico.com\/sitioplp\/envio-de-invitaciones-harrison-assessments\/","og_locale":"es_MX","og_type":"article","og_title":"Env\u00edo de Invitaciones Harrison Assessments - PLP M\u00e9xico","og_description":"Como usuario de Harrison Assessment tendr\u00e1 la opci\u00f3n de enviar invitaciones para que sus colaboradores\/candidatos respondan el cuestionario Harrison en l\u00ednea.","og_url":"https:\/\/www.plp-mexico.com\/sitioplp\/envio-de-invitaciones-harrison-assessments\/","og_site_name":"PLP M\u00e9xico - Soluciones y cursos de liderazgo CDMX","article_publisher":"https:\/\/www.facebook.com\/plpmex","article_modified_time":"2022-01-26T19:17:39+00:00","og_image":[{"url":"https:\/\/www.plp-mexico.com\/sitioplp\/wp-content\/uploads\/2022\/01\/invitaciones-1.png"}],"twitter_card":"summary_large_image","twitter_site":"@PLPMex","twitter_misc":{"Tiempo de lectura":"3 minutos"},"schema":{"@context":"https:\/\/schema.org","@graph":[{"@type":"WebPage","@id":"https:\/\/www.plp-mexico.com\/sitioplp\/envio-de-invitaciones-harrison-assessments\/","url":"https:\/\/www.plp-mexico.com\/sitioplp\/envio-de-invitaciones-harrison-assessments\/","name":"Env\u00edo de Invitaciones Harrison Assessments - PLP M\u00e9xico","isPartOf":{"@id":"https:\/\/www.plp-mexico.com\/sitioplp\/#website"},"datePublished":"2022-01-14T01:36:27+00:00","dateModified":"2022-01-26T19:17:39+00:00","description":"Como usuario de Harrison Assessment tendr\u00e1 la opci\u00f3n de enviar invitaciones para que sus colaboradores\/candidatos respondan el cuestionario Harrison en l\u00ednea.","breadcrumb":{"@id":"https:\/\/www.plp-mexico.com\/sitioplp\/envio-de-invitaciones-harrison-assessments\/#breadcrumb"},"inLanguage":"es-MX","potentialAction":[{"@type":"ReadAction","target":["https:\/\/www.plp-mexico.com\/sitioplp\/envio-de-invitaciones-harrison-assessments\/"]}]},{"@type":"BreadcrumbList","@id":"https:\/\/www.plp-mexico.com\/sitioplp\/envio-de-invitaciones-harrison-assessments\/#breadcrumb","itemListElement":[{"@type":"ListItem","position":1,"name":"Inicio","item":"https:\/\/www.plp-mexico.com\/sitioplp\/"},{"@type":"ListItem","position":2,"name":"Env\u00edo de Invitaciones Harrison Assessments"}]},{"@type":"WebSite","@id":"https:\/\/www.plp-mexico.com\/sitioplp\/#website","url":"https:\/\/www.plp-mexico.com\/sitioplp\/","name":"PLP M\u00e9xico - Soluciones y cursos de liderazgo CDMX","description":"Trabajamos con marcas de reconocimiento global para resolver cualquier desaf\u00edo de liderazgo creando soluciones completamente hechas a la medida.","publisher":{"@id":"https:\/\/www.plp-mexico.com\/sitioplp\/#organization"},"potentialAction":[{"@type":"SearchAction","target":{"@type":"EntryPoint","urlTemplate":"https:\/\/www.plp-mexico.com\/sitioplp\/?s={search_term_string}"},"query-input":"required name=search_term_string"}],"inLanguage":"es-MX"},{"@type":"Organization","@id":"https:\/\/www.plp-mexico.com\/sitioplp\/#organization","name":"PLP M\u00e9xico | Soluciones de Liderazgo","url":"https:\/\/www.plp-mexico.com\/sitioplp\/","logo":{"@type":"ImageObject","inLanguage":"es-MX","@id":"https:\/\/www.plp-mexico.com\/sitioplp\/#\/schema\/logo\/image\/","url":"https:\/\/www.plp-mexico.com\/sitioplp\/wp-content\/uploads\/2018\/06\/ico.jpg","contentUrl":"https:\/\/www.plp-mexico.com\/sitioplp\/wp-content\/uploads\/2018\/06\/ico.jpg","width":513,"height":513,"caption":"PLP M\u00e9xico | Soluciones de Liderazgo"},"image":{"@id":"https:\/\/www.plp-mexico.com\/sitioplp\/#\/schema\/logo\/image\/"},"sameAs":["https:\/\/www.facebook.com\/plpmex","https:\/\/twitter.com\/PLPMex","https:\/\/www.linkedin.com\/company\/professional-learning-partners\/","https:\/\/www.youtube.com\/user\/PLPMex"]}]}},"_links":{"self":[{"href":"https:\/\/www.plp-mexico.com\/sitioplp\/wp-json\/wp\/v2\/pages\/2093"}],"collection":[{"href":"https:\/\/www.plp-mexico.com\/sitioplp\/wp-json\/wp\/v2\/pages"}],"about":[{"href":"https:\/\/www.plp-mexico.com\/sitioplp\/wp-json\/wp\/v2\/types\/page"}],"author":[{"embeddable":true,"href":"https:\/\/www.plp-mexico.com\/sitioplp\/wp-json\/wp\/v2\/users\/1"}],"replies":[{"embeddable":true,"href":"https:\/\/www.plp-mexico.com\/sitioplp\/wp-json\/wp\/v2\/comments?post=2093"}],"version-history":[{"count":134,"href":"https:\/\/www.plp-mexico.com\/sitioplp\/wp-json\/wp\/v2\/pages\/2093\/revisions"}],"predecessor-version":[{"id":2472,"href":"https:\/\/www.plp-mexico.com\/sitioplp\/wp-json\/wp\/v2\/pages\/2093\/revisions\/2472"}],"wp:attachment":[{"href":"https:\/\/www.plp-mexico.com\/sitioplp\/wp-json\/wp\/v2\/media?parent=2093"}],"curies":[{"name":"wp","href":"https:\/\/api.w.org\/{rel}","templated":true}]}}