{"id":2499,"date":"2022-01-26T13:44:44","date_gmt":"2022-01-26T19:44:44","guid":{"rendered":"https:\/\/www.plp-mexico.com\/sitioplp\/?page_id=2499"},"modified":"2022-01-26T16:26:47","modified_gmt":"2022-01-26T22:26:47","slug":"conociendo-el-tablero-de-empleados","status":"publish","type":"page","link":"https:\/\/www.plp-mexico.com\/sitioplp\/conociendo-el-tablero-de-empleados\/","title":{"rendered":"Conociendo el Tablero de Empleados"},"content":{"rendered":"\t\t<div data-elementor-type=\"wp-page\" data-elementor-id=\"2499\" class=\"elementor elementor-2499\">\n\t\t\t\t\t\t\t\t\t<section class=\"elementor-section elementor-top-section elementor-element elementor-element-5868dbb8 elementor-section-stretched elementor-section-boxed elementor-section-height-default elementor-section-height-default\" data-id=\"5868dbb8\" data-element_type=\"section\" data-settings=\"{&quot;stretch_section&quot;:&quot;section-stretched&quot;,&quot;jet_parallax_layout_list&quot;:[{&quot;jet_parallax_layout_image&quot;:{&quot;url&quot;:&quot;&quot;,&quot;id&quot;:&quot;&quot;,&quot;size&quot;:&quot;&quot;},&quot;_id&quot;:&quot;d24058a&quot;,&quot;jet_parallax_layout_image_tablet&quot;:{&quot;url&quot;:&quot;&quot;,&quot;id&quot;:&quot;&quot;,&quot;size&quot;:&quot;&quot;},&quot;jet_parallax_layout_image_mobile&quot;:{&quot;url&quot;:&quot;&quot;,&quot;id&quot;:&quot;&quot;,&quot;size&quot;:&quot;&quot;},&quot;jet_parallax_layout_speed&quot;:{&quot;unit&quot;:&quot;%&quot;,&quot;size&quot;:50,&quot;sizes&quot;:[]},&quot;jet_parallax_layout_type&quot;:&quot;scroll&quot;,&quot;jet_parallax_layout_direction&quot;:null,&quot;jet_parallax_layout_fx_direction&quot;:null,&quot;jet_parallax_layout_z_index&quot;:&quot;&quot;,&quot;jet_parallax_layout_bg_x&quot;:50,&quot;jet_parallax_layout_bg_x_tablet&quot;:&quot;&quot;,&quot;jet_parallax_layout_bg_x_mobile&quot;:&quot;&quot;,&quot;jet_parallax_layout_bg_y&quot;:50,&quot;jet_parallax_layout_bg_y_tablet&quot;:&quot;&quot;,&quot;jet_parallax_layout_bg_y_mobile&quot;:&quot;&quot;,&quot;jet_parallax_layout_bg_size&quot;:&quot;auto&quot;,&quot;jet_parallax_layout_bg_size_tablet&quot;:&quot;&quot;,&quot;jet_parallax_layout_bg_size_mobile&quot;:&quot;&quot;,&quot;jet_parallax_layout_animation_prop&quot;:&quot;transform&quot;,&quot;jet_parallax_layout_on&quot;:[&quot;desktop&quot;,&quot;tablet&quot;]}],&quot;background_background&quot;:&quot;classic&quot;}\">\n\t\t\t\t\t\t<div class=\"elementor-container elementor-column-gap-default\">\n\t\t\t\t\t<div class=\"elementor-column elementor-col-100 elementor-top-column elementor-element elementor-element-22c35ca\" data-id=\"22c35ca\" data-element_type=\"column\">\n\t\t\t<div class=\"elementor-widget-wrap elementor-element-populated\">\n\t\t\t\t\t\t\t\t<div class=\"elementor-element elementor-element-6b8bef6d elementor-widget elementor-widget-heading\" data-id=\"6b8bef6d\" data-element_type=\"widget\" data-widget_type=\"heading.default\">\n\t\t\t\t<div class=\"elementor-widget-container\">\n\t\t\t<h2 class=\"elementor-heading-title elementor-size-default\">3.- Conociendo el Tablero de Empleados<\/h2>\t\t<\/div>\n\t\t\t\t<\/div>\n\t\t\t\t\t<\/div>\n\t\t<\/div>\n\t\t\t\t\t\t\t<\/div>\n\t\t<\/section>\n\t\t\t\t<section class=\"elementor-section elementor-top-section elementor-element elementor-element-3eaa80e4 elementor-section-stretched elementor-section-boxed elementor-section-height-default elementor-section-height-default\" data-id=\"3eaa80e4\" data-element_type=\"section\" data-settings=\"{&quot;stretch_section&quot;:&quot;section-stretched&quot;,&quot;jet_parallax_layout_list&quot;:[{&quot;jet_parallax_layout_image&quot;:{&quot;url&quot;:&quot;&quot;,&quot;id&quot;:&quot;&quot;,&quot;size&quot;:&quot;&quot;},&quot;_id&quot;:&quot;73df0ca&quot;,&quot;jet_parallax_layout_image_tablet&quot;:{&quot;url&quot;:&quot;&quot;,&quot;id&quot;:&quot;&quot;,&quot;size&quot;:&quot;&quot;},&quot;jet_parallax_layout_image_mobile&quot;:{&quot;url&quot;:&quot;&quot;,&quot;id&quot;:&quot;&quot;,&quot;size&quot;:&quot;&quot;},&quot;jet_parallax_layout_speed&quot;:{&quot;unit&quot;:&quot;%&quot;,&quot;size&quot;:50,&quot;sizes&quot;:[]},&quot;jet_parallax_layout_type&quot;:&quot;scroll&quot;,&quot;jet_parallax_layout_direction&quot;:null,&quot;jet_parallax_layout_fx_direction&quot;:null,&quot;jet_parallax_layout_z_index&quot;:&quot;&quot;,&quot;jet_parallax_layout_bg_x&quot;:50,&quot;jet_parallax_layout_bg_x_tablet&quot;:&quot;&quot;,&quot;jet_parallax_layout_bg_x_mobile&quot;:&quot;&quot;,&quot;jet_parallax_layout_bg_y&quot;:50,&quot;jet_parallax_layout_bg_y_tablet&quot;:&quot;&quot;,&quot;jet_parallax_layout_bg_y_mobile&quot;:&quot;&quot;,&quot;jet_parallax_layout_bg_size&quot;:&quot;auto&quot;,&quot;jet_parallax_layout_bg_size_tablet&quot;:&quot;&quot;,&quot;jet_parallax_layout_bg_size_mobile&quot;:&quot;&quot;,&quot;jet_parallax_layout_animation_prop&quot;:&quot;transform&quot;,&quot;jet_parallax_layout_on&quot;:[&quot;desktop&quot;,&quot;tablet&quot;]}]}\">\n\t\t\t\t\t\t<div class=\"elementor-container elementor-column-gap-default\">\n\t\t\t\t\t<div class=\"elementor-column elementor-col-66 elementor-top-column elementor-element elementor-element-369aa079\" data-id=\"369aa079\" data-element_type=\"column\">\n\t\t\t<div class=\"elementor-widget-wrap elementor-element-populated\">\n\t\t\t\t\t\t\t\t<div class=\"elementor-element elementor-element-71878804 elementor-widget elementor-widget-spacer\" data-id=\"71878804\" data-element_type=\"widget\" data-widget_type=\"spacer.default\">\n\t\t\t\t<div class=\"elementor-widget-container\">\n\t\t\t\t\t<div class=\"elementor-spacer\">\n\t\t\t<div class=\"elementor-spacer-inner\"><\/div>\n\t\t<\/div>\n\t\t\t\t<\/div>\n\t\t\t\t<\/div>\n\t\t\t\t<div class=\"elementor-element elementor-element-77f2ca8f elementor-widget elementor-widget-text-editor\" data-id=\"77f2ca8f\" data-element_type=\"widget\" data-widget_type=\"text-editor.default\">\n\t\t\t\t<div class=\"elementor-widget-container\">\n\t\t\t\t\t\t\t<p>Al ingresar a su sistema podr\u00e1 ver el <strong>listado de los empleados<\/strong> que han dado de alta.<\/p><p>En la parte superior nos muestra (<span style=\"color: #ff0000;\"><strong>1<\/strong><\/span>) <span style=\"text-decoration: underline;\">el n\u00famero total de empleados dados de alta en su sistema<\/span>, (<span style=\"color: #ff0000;\"><strong>2<\/strong><\/span>) podr\u00e1 <span style=\"text-decoration: underline;\">exportar toda la lista de empleados<\/span> en un archivo disponible para Excel.<\/p><p><img fetchpriority=\"high\" decoding=\"async\" class=\"alignnone size-full wp-image-2505\" src=\"https:\/\/www.plp-mexico.com\/sitioplp\/wp-content\/uploads\/2022\/01\/tableroempleados1.png\" alt=\"\" width=\"2312\" height=\"362\" srcset=\"https:\/\/www.plp-mexico.com\/sitioplp\/wp-content\/uploads\/2022\/01\/tableroempleados1.png 2312w, https:\/\/www.plp-mexico.com\/sitioplp\/wp-content\/uploads\/2022\/01\/tableroempleados1-300x47.png 300w, https:\/\/www.plp-mexico.com\/sitioplp\/wp-content\/uploads\/2022\/01\/tableroempleados1-1024x160.png 1024w, https:\/\/www.plp-mexico.com\/sitioplp\/wp-content\/uploads\/2022\/01\/tableroempleados1-768x120.png 768w, https:\/\/www.plp-mexico.com\/sitioplp\/wp-content\/uploads\/2022\/01\/tableroempleados1-1536x240.png 1536w, https:\/\/www.plp-mexico.com\/sitioplp\/wp-content\/uploads\/2022\/01\/tableroempleados1-2048x321.png 2048w\" sizes=\"(max-width: 2312px) 100vw, 2312px\" \/><\/p><div><span style=\"font-size: 14pt;\"><strong>Opciones de Filtrado<\/strong><\/span><\/div><p>Tambi\u00e9n encontrar\u00e1 casillas para filtrar y\/o buscar dentro de su lista de empleados<\/p><p><img decoding=\"async\" class=\"alignnone size-full wp-image-2515\" src=\"https:\/\/www.plp-mexico.com\/sitioplp\/wp-content\/uploads\/2022\/01\/tableroempleados2.png\" alt=\"\" width=\"1736\" height=\"162\" srcset=\"https:\/\/www.plp-mexico.com\/sitioplp\/wp-content\/uploads\/2022\/01\/tableroempleados2.png 1736w, https:\/\/www.plp-mexico.com\/sitioplp\/wp-content\/uploads\/2022\/01\/tableroempleados2-300x28.png 300w, https:\/\/www.plp-mexico.com\/sitioplp\/wp-content\/uploads\/2022\/01\/tableroempleados2-1024x96.png 1024w, https:\/\/www.plp-mexico.com\/sitioplp\/wp-content\/uploads\/2022\/01\/tableroempleados2-768x72.png 768w, https:\/\/www.plp-mexico.com\/sitioplp\/wp-content\/uploads\/2022\/01\/tableroempleados2-1536x143.png 1536w\" sizes=\"(max-width: 1736px) 100vw, 1736px\" \/><\/p><div><span style=\"font-size: 14pt;\"><strong>Columnas<\/strong><\/span><\/div><p>Podr\u00e1 ver las siguientes columnas en la vista.<\/p><ul><li><strong>Apellido: <\/strong>Al dar clic permitir\u00e1 ingresar a los datos personales del empleado<\/li><li><strong>Nombre<\/strong><\/li><li><strong>Puesto Actual:<\/strong> Aparecer\u00e1 el seleccionado al enviar la invitaci\u00f3n o podr\u00e1 dar clic para cambiarlo<\/li><li><strong>Nivel de Gerencia:<\/strong> Dependiendo del puesto actual seleccionado se completar\u00e1 este campo mostrando si es nivel <span style=\"text-decoration: underline;\">Gerencial<\/span> o <span style=\"text-decoration: underline;\">No Directivo<\/span><\/li><li><strong>Estado de Criterios: <\/strong>De acuerdo a la forma en la que se activ\u00f3\/agreg\u00f3 el puesto actual en la Biblioteca de Puestos, se mostrar\u00e1 si fue agregado de forma <span style=\"text-decoration: underline;\">Personalizada (se cambiaron criterios de idoneidad),<\/span>\u00a0si es un puesto <span style=\"text-decoration: underline;\">Est\u00e1ndar<\/span>\u00a0 (no se modific\u00f3 en absoluto los criterios de idoneidad) o si es un puesto que se di\u00f3 de alta y est\u00e1 en proceso de revisi\u00f3n.<\/li><li><strong>Idoneidad: <\/strong>Cuando concluya el empleado de responder el cuestionario de idoneidad y se active el cargo de 1 unidad o se genere un reporte completo, se poblar\u00e1 esta columna con un valor num\u00e9rico porcentual.<\/li><li><strong>Puntaje de Satisfacci\u00f3n:\u00a0<\/strong>Se mostrar\u00e1 un valor num\u00e9rico porcentual que corresponde al puntaje de la secci\u00f3n de satisfacci\u00f3n que se localiza al final del cuestionario de idoneidad. Esta secci\u00f3n se activa en el <a href=\"https:\/\/www.plp-mexico.com\/sitioplp\/envio-de-invitaciones-harrison-assessments\/\" target=\"_blank\" rel=\"noopener\">env\u00edo de la invitaci\u00f3n<\/a>. En caso de que el empleado haya decidido saltar esta parte del cuestionario, aparecer\u00e1 la leyenda &#8220;<span style=\"text-decoration: underline;\">Saltado<\/span>&#8220;.<\/li><li><strong>Maestr\u00eda de Paradojas<\/strong>: Este puntaje proporciona una indicaci\u00f3n general del equilibrio parad\u00f3jico, para mostrar el puntaje se realizar\u00e1 un cargo de 3 unidades.<\/li><li><strong>Competencia Conductual:<\/strong>Por default muestra el puntaje global de desarrollo de Inteligencia Emocional con opci\u00f3n a elegir se muestren puntajes globales para: Modelos de Competencias de Liderazgo, Competencias de Trabajo Remoto, Competencias Conductuales o del Modelo de Competencias propias de la Empresa<\/li><li><strong>Fecha:<\/strong> Muestra la fecha en la que se complet\u00f3 el cuestionario Harrison<\/li><\/ul>\t\t\t\t\t\t<\/div>\n\t\t\t\t<\/div>\n\t\t\t\t<div class=\"elementor-element elementor-element-3036f71 elementor-widget elementor-widget-text-editor\" data-id=\"3036f71\" data-element_type=\"widget\" data-widget_type=\"text-editor.default\">\n\t\t\t\t<div class=\"elementor-widget-container\">\n\t\t\t\t\t\t\t<div style=\"font-size: 24px;\"><strong><span style=\"color: #072a4e;\">\u00bfNecesita m\u00e1s ayuda?<\/span><\/strong><\/div>\n<div>\u00bf<i>C\u00f3mo podemos ayudarle?<\/i><\/div>\n<div><strong>E-mail:<\/strong> javier.millan@plp-mexico.com<\/div>\n<div><strong>Whats App:<\/strong> 551567 5775<\/div>\t\t\t\t\t\t<\/div>\n\t\t\t\t<\/div>\n\t\t\t\t\t<\/div>\n\t\t<\/div>\n\t\t\t\t<div class=\"elementor-column elementor-col-33 elementor-top-column elementor-element elementor-element-62a03156 elementor-hidden-tablet elementor-hidden-mobile\" data-id=\"62a03156\" data-element_type=\"column\">\n\t\t\t<div class=\"elementor-widget-wrap elementor-element-populated\">\n\t\t\t\t\t\t\t\t<div class=\"elementor-element elementor-element-5d2987ba elementor-widget elementor-widget-spacer\" data-id=\"5d2987ba\" data-element_type=\"widget\" data-widget_type=\"spacer.default\">\n\t\t\t\t<div class=\"elementor-widget-container\">\n\t\t\t\t\t<div class=\"elementor-spacer\">\n\t\t\t<div class=\"elementor-spacer-inner\"><\/div>\n\t\t<\/div>\n\t\t\t\t<\/div>\n\t\t\t\t<\/div>\n\t\t\t\t<div class=\"elementor-element elementor-element-367b5f73 elementor-widget elementor-widget-text-editor\" data-id=\"367b5f73\" data-element_type=\"widget\" data-widget_type=\"text-editor.default\">\n\t\t\t\t<div class=\"elementor-widget-container\">\n\t\t\t\t\t\t\t<div style=\"font-size: 24px;\"><strong><span style=\"color: #072a4e;\">\u00bfNecesita asistencia?<\/span><\/strong><\/div><div style=\"text-align: justify;\">Si tiene dudas por favor cont\u00e1ctenos.<\/div><div><strong>E-mail:<\/strong> javier.millan@plp-mexico.com<\/div><div><strong>Whats App:<\/strong> 551567 5775<\/div>\t\t\t\t\t\t<\/div>\n\t\t\t\t<\/div>\n\t\t\t\t<div class=\"elementor-element elementor-element-4621c7d4 elementor-widget elementor-widget-spacer\" data-id=\"4621c7d4\" data-element_type=\"widget\" data-widget_type=\"spacer.default\">\n\t\t\t\t<div class=\"elementor-widget-container\">\n\t\t\t\t\t<div class=\"elementor-spacer\">\n\t\t\t<div class=\"elementor-spacer-inner\"><\/div>\n\t\t<\/div>\n\t\t\t\t<\/div>\n\t\t\t\t<\/div>\n\t\t\t\t<div class=\"elementor-element elementor-element-75588ace elementor-widget elementor-widget-text-editor\" data-id=\"75588ace\" data-element_type=\"widget\" data-widget_type=\"text-editor.default\">\n\t\t\t\t<div class=\"elementor-widget-container\">\n\t\t\t\t\t\t\t<div style=\"font-size: 24px; line-height: 100%;\"><strong><span style=\"color: #072a4e;\">Estos Webinars le pueden interesar<\/span><\/strong><\/div>\n<div>&nbsp;<\/div>\n<div><strong>Sesi\u00f3n 1:&nbsp;<\/strong><a href=\"https:\/\/youtu.be\/Ef4E40nOmeU\"><strong>Interpretando Paradojas<\/strong><\/a><br><strong>Sesi\u00f3n 2:&nbsp;<\/strong><a href=\"https:\/\/youtu.be\/_-NE-5E9R_k\"><strong>Reportes de Engagement<\/strong><\/a><br><strong>Sesi\u00f3n 3:&nbsp;<\/strong><a href=\"https:\/\/youtu.be\/V9eLPbQPElo\"><strong>Planeaci\u00f3n de Sucesi\u00f3n<\/strong><\/a><br><strong>Sesi\u00f3n 4:&nbsp;<\/strong><a href=\"https:\/\/youtu.be\/ZFA5o1IvLbQ\"><strong>Preselecci\u00f3n de sus candidatos<\/strong><\/a><br><strong>Sesi\u00f3n 5:&nbsp;<\/strong><a href=\"https:\/\/youtu.be\/jMu83SmUBto\"><strong>\u00bfCu\u00e1n satisfechos (engaged) se encuentran sus talentos?<\/strong><\/a><\/div>\t\t\t\t\t\t<\/div>\n\t\t\t\t<\/div>\n\t\t\t\t\t<\/div>\n\t\t<\/div>\n\t\t\t\t\t\t\t<\/div>\n\t\t<\/section>\n\t\t\t\t\t\t\t<\/div>\n\t\t","protected":false},"excerpt":{"rendered":"<p>3.- Conociendo el Tablero de Empleados Al ingresar a su sistema podr\u00e1 ver el listado de los empleados que han [&hellip;]<\/p>\n","protected":false},"author":1,"featured_media":0,"parent":0,"menu_order":0,"comment_status":"closed","ping_status":"closed","template":"","meta":{"footnotes":"","_joinchat":[]},"yoast_head":"<!-- This site is optimized with the Yoast SEO plugin v22.0 - https:\/\/yoast.com\/wordpress\/plugins\/seo\/ -->\n<title>Conociendo el Tablero de Empleados - PLP M\u00e9xico - Soluciones y cursos de liderazgo CDMX<\/title>\n<meta name=\"robots\" content=\"index, follow, max-snippet:-1, max-image-preview:large, max-video-preview:-1\" \/>\n<link rel=\"canonical\" href=\"https:\/\/www.plp-mexico.com\/sitioplp\/conociendo-el-tablero-de-empleados\/\" \/>\n<meta property=\"og:locale\" content=\"es_MX\" \/>\n<meta property=\"og:type\" content=\"article\" \/>\n<meta property=\"og:title\" content=\"Conociendo el Tablero de Empleados - PLP M\u00e9xico - Soluciones y cursos de liderazgo CDMX\" \/>\n<meta property=\"og:description\" content=\"3.- Conociendo el Tablero de Empleados Al ingresar a su sistema podr\u00e1 ver el listado de los empleados que han [&hellip;]\" \/>\n<meta property=\"og:url\" content=\"https:\/\/www.plp-mexico.com\/sitioplp\/conociendo-el-tablero-de-empleados\/\" \/>\n<meta property=\"og:site_name\" content=\"PLP M\u00e9xico - Soluciones y cursos de liderazgo CDMX\" \/>\n<meta property=\"article:publisher\" content=\"https:\/\/www.facebook.com\/plpmex\" \/>\n<meta property=\"article:modified_time\" content=\"2022-01-26T22:26:47+00:00\" \/>\n<meta property=\"og:image\" content=\"https:\/\/www.plp-mexico.com\/sitioplp\/wp-content\/uploads\/2022\/01\/tableroempleados1.png\" \/>\n<meta name=\"twitter:card\" content=\"summary_large_image\" \/>\n<meta name=\"twitter:site\" content=\"@PLPMex\" \/>\n<meta name=\"twitter:label1\" content=\"Tiempo de lectura\" \/>\n\t<meta name=\"twitter:data1\" content=\"3 minutos\" \/>\n<script type=\"application\/ld+json\" class=\"yoast-schema-graph\">{\"@context\":\"https:\/\/schema.org\",\"@graph\":[{\"@type\":\"WebPage\",\"@id\":\"https:\/\/www.plp-mexico.com\/sitioplp\/conociendo-el-tablero-de-empleados\/\",\"url\":\"https:\/\/www.plp-mexico.com\/sitioplp\/conociendo-el-tablero-de-empleados\/\",\"name\":\"Conociendo el Tablero de Empleados - PLP M\u00e9xico - Soluciones y cursos de liderazgo CDMX\",\"isPartOf\":{\"@id\":\"https:\/\/www.plp-mexico.com\/sitioplp\/#website\"},\"datePublished\":\"2022-01-26T19:44:44+00:00\",\"dateModified\":\"2022-01-26T22:26:47+00:00\",\"breadcrumb\":{\"@id\":\"https:\/\/www.plp-mexico.com\/sitioplp\/conociendo-el-tablero-de-empleados\/#breadcrumb\"},\"inLanguage\":\"es-MX\",\"potentialAction\":[{\"@type\":\"ReadAction\",\"target\":[\"https:\/\/www.plp-mexico.com\/sitioplp\/conociendo-el-tablero-de-empleados\/\"]}]},{\"@type\":\"BreadcrumbList\",\"@id\":\"https:\/\/www.plp-mexico.com\/sitioplp\/conociendo-el-tablero-de-empleados\/#breadcrumb\",\"itemListElement\":[{\"@type\":\"ListItem\",\"position\":1,\"name\":\"Inicio\",\"item\":\"https:\/\/www.plp-mexico.com\/sitioplp\/\"},{\"@type\":\"ListItem\",\"position\":2,\"name\":\"Conociendo el Tablero de Empleados\"}]},{\"@type\":\"WebSite\",\"@id\":\"https:\/\/www.plp-mexico.com\/sitioplp\/#website\",\"url\":\"https:\/\/www.plp-mexico.com\/sitioplp\/\",\"name\":\"PLP M\u00e9xico - Soluciones y cursos de liderazgo CDMX\",\"description\":\"Trabajamos con marcas de reconocimiento global para resolver cualquier desaf\u00edo de liderazgo creando soluciones completamente hechas a la medida.\",\"publisher\":{\"@id\":\"https:\/\/www.plp-mexico.com\/sitioplp\/#organization\"},\"potentialAction\":[{\"@type\":\"SearchAction\",\"target\":{\"@type\":\"EntryPoint\",\"urlTemplate\":\"https:\/\/www.plp-mexico.com\/sitioplp\/?s={search_term_string}\"},\"query-input\":\"required name=search_term_string\"}],\"inLanguage\":\"es-MX\"},{\"@type\":\"Organization\",\"@id\":\"https:\/\/www.plp-mexico.com\/sitioplp\/#organization\",\"name\":\"PLP M\u00e9xico | Soluciones de Liderazgo\",\"url\":\"https:\/\/www.plp-mexico.com\/sitioplp\/\",\"logo\":{\"@type\":\"ImageObject\",\"inLanguage\":\"es-MX\",\"@id\":\"https:\/\/www.plp-mexico.com\/sitioplp\/#\/schema\/logo\/image\/\",\"url\":\"https:\/\/www.plp-mexico.com\/sitioplp\/wp-content\/uploads\/2018\/06\/ico.jpg\",\"contentUrl\":\"https:\/\/www.plp-mexico.com\/sitioplp\/wp-content\/uploads\/2018\/06\/ico.jpg\",\"width\":513,\"height\":513,\"caption\":\"PLP M\u00e9xico | Soluciones de Liderazgo\"},\"image\":{\"@id\":\"https:\/\/www.plp-mexico.com\/sitioplp\/#\/schema\/logo\/image\/\"},\"sameAs\":[\"https:\/\/www.facebook.com\/plpmex\",\"https:\/\/twitter.com\/PLPMex\",\"https:\/\/www.linkedin.com\/company\/professional-learning-partners\/\",\"https:\/\/www.youtube.com\/user\/PLPMex\"]}]}<\/script>\n<!-- \/ Yoast SEO plugin. -->","yoast_head_json":{"title":"Conociendo el Tablero de Empleados - PLP M\u00e9xico - Soluciones y cursos de liderazgo CDMX","robots":{"index":"index","follow":"follow","max-snippet":"max-snippet:-1","max-image-preview":"max-image-preview:large","max-video-preview":"max-video-preview:-1"},"canonical":"https:\/\/www.plp-mexico.com\/sitioplp\/conociendo-el-tablero-de-empleados\/","og_locale":"es_MX","og_type":"article","og_title":"Conociendo el Tablero de Empleados - PLP M\u00e9xico - Soluciones y cursos de liderazgo CDMX","og_description":"3.- Conociendo el Tablero de Empleados Al ingresar a su sistema podr\u00e1 ver el listado de los empleados que han [&hellip;]","og_url":"https:\/\/www.plp-mexico.com\/sitioplp\/conociendo-el-tablero-de-empleados\/","og_site_name":"PLP M\u00e9xico - Soluciones y cursos de liderazgo CDMX","article_publisher":"https:\/\/www.facebook.com\/plpmex","article_modified_time":"2022-01-26T22:26:47+00:00","og_image":[{"url":"https:\/\/www.plp-mexico.com\/sitioplp\/wp-content\/uploads\/2022\/01\/tableroempleados1.png"}],"twitter_card":"summary_large_image","twitter_site":"@PLPMex","twitter_misc":{"Tiempo de lectura":"3 minutos"},"schema":{"@context":"https:\/\/schema.org","@graph":[{"@type":"WebPage","@id":"https:\/\/www.plp-mexico.com\/sitioplp\/conociendo-el-tablero-de-empleados\/","url":"https:\/\/www.plp-mexico.com\/sitioplp\/conociendo-el-tablero-de-empleados\/","name":"Conociendo el Tablero de Empleados - PLP M\u00e9xico - Soluciones y cursos de liderazgo CDMX","isPartOf":{"@id":"https:\/\/www.plp-mexico.com\/sitioplp\/#website"},"datePublished":"2022-01-26T19:44:44+00:00","dateModified":"2022-01-26T22:26:47+00:00","breadcrumb":{"@id":"https:\/\/www.plp-mexico.com\/sitioplp\/conociendo-el-tablero-de-empleados\/#breadcrumb"},"inLanguage":"es-MX","potentialAction":[{"@type":"ReadAction","target":["https:\/\/www.plp-mexico.com\/sitioplp\/conociendo-el-tablero-de-empleados\/"]}]},{"@type":"BreadcrumbList","@id":"https:\/\/www.plp-mexico.com\/sitioplp\/conociendo-el-tablero-de-empleados\/#breadcrumb","itemListElement":[{"@type":"ListItem","position":1,"name":"Inicio","item":"https:\/\/www.plp-mexico.com\/sitioplp\/"},{"@type":"ListItem","position":2,"name":"Conociendo el Tablero de Empleados"}]},{"@type":"WebSite","@id":"https:\/\/www.plp-mexico.com\/sitioplp\/#website","url":"https:\/\/www.plp-mexico.com\/sitioplp\/","name":"PLP M\u00e9xico - Soluciones y cursos de liderazgo CDMX","description":"Trabajamos con marcas de reconocimiento global para resolver cualquier desaf\u00edo de liderazgo creando soluciones completamente hechas a la medida.","publisher":{"@id":"https:\/\/www.plp-mexico.com\/sitioplp\/#organization"},"potentialAction":[{"@type":"SearchAction","target":{"@type":"EntryPoint","urlTemplate":"https:\/\/www.plp-mexico.com\/sitioplp\/?s={search_term_string}"},"query-input":"required name=search_term_string"}],"inLanguage":"es-MX"},{"@type":"Organization","@id":"https:\/\/www.plp-mexico.com\/sitioplp\/#organization","name":"PLP M\u00e9xico | Soluciones de Liderazgo","url":"https:\/\/www.plp-mexico.com\/sitioplp\/","logo":{"@type":"ImageObject","inLanguage":"es-MX","@id":"https:\/\/www.plp-mexico.com\/sitioplp\/#\/schema\/logo\/image\/","url":"https:\/\/www.plp-mexico.com\/sitioplp\/wp-content\/uploads\/2018\/06\/ico.jpg","contentUrl":"https:\/\/www.plp-mexico.com\/sitioplp\/wp-content\/uploads\/2018\/06\/ico.jpg","width":513,"height":513,"caption":"PLP M\u00e9xico | Soluciones de Liderazgo"},"image":{"@id":"https:\/\/www.plp-mexico.com\/sitioplp\/#\/schema\/logo\/image\/"},"sameAs":["https:\/\/www.facebook.com\/plpmex","https:\/\/twitter.com\/PLPMex","https:\/\/www.linkedin.com\/company\/professional-learning-partners\/","https:\/\/www.youtube.com\/user\/PLPMex"]}]}},"_links":{"self":[{"href":"https:\/\/www.plp-mexico.com\/sitioplp\/wp-json\/wp\/v2\/pages\/2499"}],"collection":[{"href":"https:\/\/www.plp-mexico.com\/sitioplp\/wp-json\/wp\/v2\/pages"}],"about":[{"href":"https:\/\/www.plp-mexico.com\/sitioplp\/wp-json\/wp\/v2\/types\/page"}],"author":[{"embeddable":true,"href":"https:\/\/www.plp-mexico.com\/sitioplp\/wp-json\/wp\/v2\/users\/1"}],"replies":[{"embeddable":true,"href":"https:\/\/www.plp-mexico.com\/sitioplp\/wp-json\/wp\/v2\/comments?post=2499"}],"version-history":[{"count":43,"href":"https:\/\/www.plp-mexico.com\/sitioplp\/wp-json\/wp\/v2\/pages\/2499\/revisions"}],"predecessor-version":[{"id":2553,"href":"https:\/\/www.plp-mexico.com\/sitioplp\/wp-json\/wp\/v2\/pages\/2499\/revisions\/2553"}],"wp:attachment":[{"href":"https:\/\/www.plp-mexico.com\/sitioplp\/wp-json\/wp\/v2\/media?parent=2499"}],"curies":[{"name":"wp","href":"https:\/\/api.w.org\/{rel}","templated":true}]}}