{"id":833,"date":"2019-04-03T10:23:02","date_gmt":"2019-04-03T16:23:02","guid":{"rendered":"http:\/\/www.plp-mexico.com\/sitioplp\/?page_id=833"},"modified":"2022-02-24T16:54:25","modified_gmt":"2022-02-24T22:54:25","slug":"contacto","status":"publish","type":"page","link":"https:\/\/www.plp-mexico.com\/sitioplp\/contacto\/","title":{"rendered":"Contacto"},"content":{"rendered":"\t\t<div data-elementor-type=\"wp-post\" data-elementor-id=\"833\" class=\"elementor elementor-833\">\n\t\t\t\t\t\t\t\t\t<section class=\"elementor-section elementor-top-section elementor-element elementor-element-1d7b112 elementor-section-stretched elementor-section-boxed elementor-section-height-default elementor-section-height-default\" data-id=\"1d7b112\" data-element_type=\"section\" data-settings=\"{&quot;stretch_section&quot;:&quot;section-stretched&quot;,&quot;jet_parallax_layout_list&quot;:[{&quot;jet_parallax_layout_image&quot;:{&quot;url&quot;:&quot;&quot;,&quot;id&quot;:&quot;&quot;,&quot;size&quot;:&quot;&quot;},&quot;_id&quot;:&quot;677627c&quot;,&quot;jet_parallax_layout_image_tablet&quot;:{&quot;url&quot;:&quot;&quot;,&quot;id&quot;:&quot;&quot;,&quot;size&quot;:&quot;&quot;},&quot;jet_parallax_layout_image_mobile&quot;:{&quot;url&quot;:&quot;&quot;,&quot;id&quot;:&quot;&quot;,&quot;size&quot;:&quot;&quot;},&quot;jet_parallax_layout_speed&quot;:{&quot;unit&quot;:&quot;%&quot;,&quot;size&quot;:50,&quot;sizes&quot;:[]},&quot;jet_parallax_layout_type&quot;:&quot;scroll&quot;,&quot;jet_parallax_layout_direction&quot;:null,&quot;jet_parallax_layout_fx_direction&quot;:null,&quot;jet_parallax_layout_z_index&quot;:&quot;&quot;,&quot;jet_parallax_layout_bg_x&quot;:50,&quot;jet_parallax_layout_bg_x_tablet&quot;:&quot;&quot;,&quot;jet_parallax_layout_bg_x_mobile&quot;:&quot;&quot;,&quot;jet_parallax_layout_bg_y&quot;:50,&quot;jet_parallax_layout_bg_y_tablet&quot;:&quot;&quot;,&quot;jet_parallax_layout_bg_y_mobile&quot;:&quot;&quot;,&quot;jet_parallax_layout_bg_size&quot;:&quot;auto&quot;,&quot;jet_parallax_layout_bg_size_tablet&quot;:&quot;&quot;,&quot;jet_parallax_layout_bg_size_mobile&quot;:&quot;&quot;,&quot;jet_parallax_layout_animation_prop&quot;:&quot;transform&quot;,&quot;jet_parallax_layout_on&quot;:[&quot;desktop&quot;,&quot;tablet&quot;]}]}\">\n\t\t\t\t\t\t<div class=\"elementor-container elementor-column-gap-wider\">\n\t\t\t\t\t<div class=\"elementor-column elementor-col-66 elementor-top-column elementor-element elementor-element-86170cb\" data-id=\"86170cb\" data-element_type=\"column\">\n\t\t\t<div class=\"elementor-widget-wrap elementor-element-populated\">\n\t\t\t\t\t\t\t\t<div class=\"elementor-element elementor-element-f7eff8c elementor-widget elementor-widget-heading\" data-id=\"f7eff8c\" data-element_type=\"widget\" data-widget_type=\"heading.default\">\n\t\t\t\t<div class=\"elementor-widget-container\">\n\t\t\t<h2 class=\"elementor-heading-title elementor-size-default\">Quiero m\u00e1s informaci\u00f3n<\/h2>\t\t<\/div>\n\t\t\t\t<\/div>\n\t\t\t\t<div class=\"elementor-element elementor-element-07d16ac elementor-widget elementor-widget-html\" data-id=\"07d16ac\" data-element_type=\"widget\" data-widget_type=\"html.default\">\n\t\t\t\t<div class=\"elementor-widget-container\">\n\t\t\t<div class=\"wpforms-container wpforms-container-full\" id=\"wpforms-1066\"><form id=\"wpforms-form-1066\" class=\"wpforms-validate wpforms-form\" data-formid=\"1066\" method=\"post\" enctype=\"multipart\/form-data\" action=\"\/sitioplp\/wp-json\/wp\/v2\/pages\/833\"><div class=\"wpforms-field-container\"><div id=\"wpforms-1066-field_2-container\" class=\"wpforms-field wpforms-field-name\" data-field-id=\"2\"><label class=\"wpforms-field-label\" for=\"wpforms-1066-field_2\">Nombre <span class=\"wpforms-required-label\">*<\/span><\/label><div class=\"wpforms-field-row wpforms-field-medium\"><div class=\"wpforms-field-row-block wpforms-first wpforms-one-half\"><input type=\"text\" id=\"wpforms-1066-field_2\" class=\"wpforms-field-name-first wpforms-field-required\" name=\"wpforms[fields][2][first]\" placeholder=\"Su nombre\" required><label for=\"wpforms-1066-field_2\" class=\"wpforms-field-sublabel after wpforms-sublabel-hide\">First<\/label><\/div><div class=\"wpforms-field-row-block wpforms-one-half\"><input type=\"text\" id=\"wpforms-1066-field_2-last\" class=\"wpforms-field-name-last wpforms-field-required\" name=\"wpforms[fields][2][last]\" placeholder=\"Sus Apellidos\" required><label for=\"wpforms-1066-field_2-last\" class=\"wpforms-field-sublabel after wpforms-sublabel-hide\">Last<\/label><\/div><\/div><\/div><div id=\"wpforms-1066-field_3-container\" class=\"wpforms-field wpforms-field-text\" data-field-id=\"3\"><label class=\"wpforms-field-label\" for=\"wpforms-1066-field_3\">Correo electr\u00f3nico <span class=\"wpforms-required-label\">*<\/span><\/label><input type=\"text\" id=\"wpforms-1066-field_3\" class=\"wpforms-field-medium wpforms-field-required\" name=\"wpforms[fields][3]\" placeholder=\"Su correo electr\u00f3nico\" required><\/div><div id=\"wpforms-1066-field_4-container\" class=\"wpforms-field wpforms-field-text\" data-field-id=\"4\"><label class=\"wpforms-field-label\" for=\"wpforms-1066-field_4\">Puesto <span class=\"wpforms-required-label\">*<\/span><\/label><input type=\"text\" id=\"wpforms-1066-field_4\" class=\"wpforms-field-medium wpforms-field-required\" name=\"wpforms[fields][4]\" placeholder=\"Su puesto\" required><\/div><div id=\"wpforms-1066-field_5-container\" class=\"wpforms-field wpforms-field-text\" data-field-id=\"5\"><label class=\"wpforms-field-label\" for=\"wpforms-1066-field_5\">Organizaci\u00f3n <span class=\"wpforms-required-label\">*<\/span><\/label><input type=\"text\" id=\"wpforms-1066-field_5\" class=\"wpforms-field-medium wpforms-field-required\" name=\"wpforms[fields][5]\" placeholder=\"La organizaci\u00f3n a la que pertenece\" required><\/div><div id=\"wpforms-1066-field_13-container\" class=\"wpforms-field wpforms-field-text\" data-field-id=\"13\"><label class=\"wpforms-field-label\" for=\"wpforms-1066-field_13\">Tel\u00e9fono directo o celular<\/label><input type=\"text\" id=\"wpforms-1066-field_13\" class=\"wpforms-field-medium\" name=\"wpforms[fields][13]\" placeholder=\"Su n\u00famero directo o celular\" ><\/div><div id=\"wpforms-1066-field_17-container\" class=\"wpforms-field wpforms-field-checkbox\" data-field-id=\"17\"><label class=\"wpforms-field-label wpforms-label-hide\" for=\"wpforms-1066-field_17\">Checkboxes<\/label><ul id=\"wpforms-1066-field_17\"><li class=\"choice-1 depth-1\"><input type=\"checkbox\" id=\"wpforms-1066-field_17_1\" name=\"wpforms[fields][17][]\" value=\"Me gustar\u00eda recibir una invitaci\u00f3n de cortes\u00eda para completar el assessment conductual Harrison\"  ><label class=\"wpforms-field-label-inline\" for=\"wpforms-1066-field_17_1\">Me gustar\u00eda recibir una invitaci\u00f3n de cortes\u00eda para completar el assessment conductual Harrison<\/label><\/li><li class=\"choice-2 depth-1\"><input type=\"checkbox\" id=\"wpforms-1066-field_17_2\" name=\"wpforms[fields][17][]\" value=\"Me gustar\u00eda recibir una invitaci\u00f3n de cortes\u00eda para completar la prueba EQ-i 2.0\"  ><label class=\"wpforms-field-label-inline\" for=\"wpforms-1066-field_17_2\">Me gustar\u00eda recibir una invitaci\u00f3n de cortes\u00eda para completar la prueba EQ-i 2.0<\/label><\/li><\/ul><\/div><div id=\"wpforms-1066-field_19-container\" class=\"wpforms-field wpforms-field-checkbox\" data-field-id=\"19\"><label class=\"wpforms-field-label\" for=\"wpforms-1066-field_19\">Clarity Wave<\/label><ul id=\"wpforms-1066-field_19\"><li class=\"choice-1 depth-1\"><input type=\"checkbox\" id=\"wpforms-1066-field_19_1\" name=\"wpforms[fields][19][]\" value=\"Me gustar\u00eda solicitar una Demo\"  ><label class=\"wpforms-field-label-inline\" for=\"wpforms-1066-field_19_1\">Me gustar\u00eda solicitar una Demo<\/label><\/li><\/ul><\/div><div id=\"wpforms-1066-field_7-container\" class=\"wpforms-field wpforms-field-checkbox\" data-field-id=\"7\"><label class=\"wpforms-field-label\" for=\"wpforms-1066-field_7\">Assessments<\/label><ul id=\"wpforms-1066-field_7\"><li class=\"choice-1 depth-1\"><input type=\"checkbox\" id=\"wpforms-1066-field_7_1\" name=\"wpforms[fields][7][]\" value=\"Harrison Assessments y Certificaci\u00f3n\"  ><label class=\"wpforms-field-label-inline\" for=\"wpforms-1066-field_7_1\">Harrison Assessments y Certificaci\u00f3n<\/label><\/li><li class=\"choice-2 depth-1\"><input type=\"checkbox\" id=\"wpforms-1066-field_7_2\" name=\"wpforms[fields][7][]\" value=\"Prueba Inteligencia Emocional EQ-i 2.0 y Certificaci\u00f3n\"  ><label class=\"wpforms-field-label-inline\" for=\"wpforms-1066-field_7_2\">Prueba Inteligencia Emocional EQ-i 2.0 y Certificaci\u00f3n<\/label><\/li><li class=\"choice-3 depth-1\"><input type=\"checkbox\" id=\"wpforms-1066-field_7_3\" name=\"wpforms[fields][7][]\" value=\"Profilor 360\"  ><label class=\"wpforms-field-label-inline\" for=\"wpforms-1066-field_7_3\">Profilor 360<\/label><\/li><\/ul><\/div><div id=\"wpforms-1066-field_9-container\" class=\"wpforms-field wpforms-field-checkbox\" data-field-id=\"9\"><label class=\"wpforms-field-label\" for=\"wpforms-1066-field_9\">Coaching Ejecutivo y Navegaci\u00f3n N.E.W.S\u2122<\/label><ul id=\"wpforms-1066-field_9\"><li class=\"choice-1 depth-1\"><input type=\"checkbox\" id=\"wpforms-1066-field_9_1\" name=\"wpforms[fields][9][]\" value=\"Coaching Ejecutivo para Directivos y C-Suite\"  ><label class=\"wpforms-field-label-inline\" for=\"wpforms-1066-field_9_1\">Coaching Ejecutivo para Directivos y C-Suite<\/label><\/li><li class=\"choice-2 depth-1\"><input type=\"checkbox\" id=\"wpforms-1066-field_9_2\" name=\"wpforms[fields][9][]\" value=\"N.E.W.S\u2122 Manager as Coach \"  ><label class=\"wpforms-field-label-inline\" for=\"wpforms-1066-field_9_2\">N.E.W.S\u2122 Manager as Coach <\/label><\/li><li class=\"choice-3 depth-1\"><input type=\"checkbox\" id=\"wpforms-1066-field_9_3\" name=\"wpforms[fields][9][]\" value=\"N.E.W.S\u2122 Manager as Team Navigator\"  ><label class=\"wpforms-field-label-inline\" for=\"wpforms-1066-field_9_3\">N.E.W.S\u2122 Manager as Team Navigator<\/label><\/li><\/ul><\/div><div id=\"wpforms-1066-field_10-container\" class=\"wpforms-field wpforms-field-checkbox\" data-field-id=\"10\"><label class=\"wpforms-field-label\" for=\"wpforms-1066-field_10\">Cursos y Talleres<\/label><ul id=\"wpforms-1066-field_10\"><li class=\"choice-1 depth-1\"><input type=\"checkbox\" id=\"wpforms-1066-field_10_1\" name=\"wpforms[fields][10][]\" value=\"N.E.W.S\u2122 Self Navigation\"  ><label class=\"wpforms-field-label-inline\" for=\"wpforms-1066-field_10_1\">N.E.W.S\u2122 Self Navigation<\/label><\/li><li class=\"choice-2 depth-1\"><input type=\"checkbox\" id=\"wpforms-1066-field_10_2\" name=\"wpforms[fields][10][]\" value=\"N.E.W.S\u2122 Team and Organization Navigation\"  ><label class=\"wpforms-field-label-inline\" for=\"wpforms-1066-field_10_2\">N.E.W.S\u2122 Team and Organization Navigation<\/label><\/li><li class=\"choice-3 depth-1\"><input type=\"checkbox\" id=\"wpforms-1066-field_10_3\" name=\"wpforms[fields][10][]\" value=\"Liderando con Inteligencia Emocional\"  ><label class=\"wpforms-field-label-inline\" for=\"wpforms-1066-field_10_3\">Liderando con Inteligencia Emocional<\/label><\/li><li class=\"choice-4 depth-1\"><input type=\"checkbox\" id=\"wpforms-1066-field_10_4\" name=\"wpforms[fields][10][]\" value=\"Certificaci\u00f3n EQ-i 2.0\"  ><label class=\"wpforms-field-label-inline\" for=\"wpforms-1066-field_10_4\">Certificaci\u00f3n EQ-i 2.0<\/label><\/li><li class=\"choice-5 depth-1\"><input type=\"checkbox\" id=\"wpforms-1066-field_10_5\" name=\"wpforms[fields][10][]\" value=\"Entender las Paradojas de Liderazgo y Aumentar la Efectividad de sus Equipos\"  ><label class=\"wpforms-field-label-inline\" for=\"wpforms-1066-field_10_5\">Entender las Paradojas de Liderazgo y Aumentar la Efectividad de sus Equipos<\/label><\/li><li class=\"choice-6 depth-1\"><input type=\"checkbox\" id=\"wpforms-1066-field_10_6\" name=\"wpforms[fields][10][]\" value=\"Certificaci\u00f3n Harrison\"  ><label class=\"wpforms-field-label-inline\" for=\"wpforms-1066-field_10_6\">Certificaci\u00f3n Harrison<\/label><\/li><li class=\"choice-7 depth-1\"><input type=\"checkbox\" id=\"wpforms-1066-field_10_7\" name=\"wpforms[fields][10][]\" value=\"Liderazgo Situacional\"  ><label class=\"wpforms-field-label-inline\" for=\"wpforms-1066-field_10_7\">Liderazgo Situacional<\/label><\/li><\/ul><\/div><\/div><div class=\"wpforms-field wpforms-field-hp\"><label for=\"wpforms-1066-field-hp\" class=\"wpforms-field-label\">Name<\/label><input type=\"text\" name=\"wpforms[hp]\" id=\"wpforms-1066-field-hp\" class=\"wpforms-field-medium\"><\/div><div class=\"wpforms-recaptcha-container\" ><div class=\"g-recaptcha\" data-sitekey=\"6LcLdaAUAAAAAHNoWfYB6_AfyZZfIlMdw_fIEBh6\" data-size=\"invisible\"><\/div><\/div><div class=\"wpforms-submit-container\" ><input type=\"hidden\" name=\"wpforms[id]\" value=\"1066\"><input type=\"hidden\" name=\"wpforms[author]\" value=\"1\"><button type=\"submit\" name=\"wpforms[submit]\" class=\"wpforms-submit \" id=\"wpforms-submit-1066\" value=\"wpforms-submit\" data-alt-text=\"Enviando...\">Enviar<\/button><\/div><\/form><\/div>\t\t<\/div>\n\t\t\t\t<\/div>\n\t\t\t\t\t<\/div>\n\t\t<\/div>\n\t\t\t\t<div class=\"elementor-column elementor-col-33 elementor-top-column elementor-element elementor-element-08058db\" data-id=\"08058db\" data-element_type=\"column\">\n\t\t\t<div class=\"elementor-widget-wrap elementor-element-populated\">\n\t\t\t\t\t\t\t\t<div class=\"elementor-element elementor-element-f556595 elementor-widget elementor-widget-heading\" data-id=\"f556595\" data-element_type=\"widget\" data-widget_type=\"heading.default\">\n\t\t\t\t<div class=\"elementor-widget-container\">\n\t\t\t<h2 class=\"elementor-heading-title elementor-size-default\">Ubicaci\u00f3n de nuestras oficinas<\/h2>\t\t<\/div>\n\t\t\t\t<\/div>\n\t\t\t\t<div class=\"elementor-element elementor-element-3f85a78 elementor-widget elementor-widget-google_maps\" data-id=\"3f85a78\" data-element_type=\"widget\" data-widget_type=\"google_maps.default\">\n\t\t\t\t<div class=\"elementor-widget-container\">\n\t\t\t\t\t<div class=\"elementor-custom-embed\">\n\t\t\t<iframe loading=\"lazy\"\n\t\t\t\t\tsrc=\"https:\/\/maps.google.com\/maps?q=Professional%20Learning%20Partners%20S.A%20de%20C.V.&#038;t=m&#038;z=16&#038;output=embed&#038;iwloc=near\"\n\t\t\t\t\ttitle=\"Professional Learning Partners S.A de C.V.\"\n\t\t\t\t\taria-label=\"Professional Learning Partners S.A de C.V.\"\n\t\t\t><\/iframe>\n\t\t<\/div>\n\t\t\t\t<\/div>\n\t\t\t\t<\/div>\n\t\t\t\t<div class=\"elementor-element elementor-element-11b4706 elementor-widget elementor-widget-spacer\" data-id=\"11b4706\" data-element_type=\"widget\" data-widget_type=\"spacer.default\">\n\t\t\t\t<div class=\"elementor-widget-container\">\n\t\t\t\t\t<div class=\"elementor-spacer\">\n\t\t\t<div class=\"elementor-spacer-inner\"><\/div>\n\t\t<\/div>\n\t\t\t\t<\/div>\n\t\t\t\t<\/div>\n\t\t\t\t<div class=\"elementor-element elementor-element-17990d5 elementor-widget elementor-widget-heading\" data-id=\"17990d5\" data-element_type=\"widget\" data-widget_type=\"heading.default\">\n\t\t\t\t<div class=\"elementor-widget-container\">\n\t\t\t<h2 class=\"elementor-heading-title elementor-size-default\">Medios de contacto<\/h2>\t\t<\/div>\n\t\t\t\t<\/div>\n\t\t\t\t<div class=\"elementor-element elementor-element-837aef0 elementor-widget elementor-widget-text-editor\" data-id=\"837aef0\" data-element_type=\"widget\" data-widget_type=\"text-editor.default\">\n\t\t\t\t<div class=\"elementor-widget-container\">\n\t\t\t\t\t\t\t<p><i class=\"fas fa-2x fa-phone-volume\" style=\"color: #f0493e;\"><\/i> <b>&nbsp; Oficina: <\/b>+52 1 5292 5392<br><br><\/p>\n<p><i class=\"fab fa-2x fa-whatsapp\" style=\"color: #f0493e;\"><\/i><b>&nbsp; Whats App: <\/b>+52 1 (55) 1567 5775<br>\n<br><br><i class=\"fas fa-2x fa-envelope\" style=\"color: #f0493e;\"><\/i><b>&nbsp; Correo Electr\u00f3nico:<\/b> info@plp-mexico.com<\/p>\t\t\t\t\t\t<\/div>\n\t\t\t\t<\/div>\n\t\t\t\t\t<\/div>\n\t\t<\/div>\n\t\t\t\t\t\t\t<\/div>\n\t\t<\/section>\n\t\t\t\t\t\t\t<\/div>\n\t\t","protected":false},"excerpt":{"rendered":"<p>Quiero m\u00e1s informaci\u00f3n Ubicaci\u00f3n de nuestras oficinas Medios de contacto &nbsp; Oficina: +52 1 5292 5392 &nbsp; Whats App: +52 [&hellip;]<\/p>\n","protected":false},"author":1,"featured_media":0,"parent":0,"menu_order":0,"comment_status":"closed","ping_status":"closed","template":"","meta":{"footnotes":"","_joinchat":[]},"yoast_head":"<!-- This site is optimized with the Yoast SEO plugin v22.0 - https:\/\/yoast.com\/wordpress\/plugins\/seo\/ -->\n<title>Contacto - PLP M\u00e9xico - Soluciones y cursos de liderazgo CDMX<\/title>\n<meta name=\"robots\" content=\"index, follow, max-snippet:-1, max-image-preview:large, max-video-preview:-1\" \/>\n<link rel=\"canonical\" href=\"https:\/\/www.plp-mexico.com\/sitioplp\/contacto\/\" \/>\n<meta property=\"og:locale\" content=\"es_MX\" \/>\n<meta property=\"og:type\" content=\"article\" \/>\n<meta property=\"og:title\" content=\"Contacto - PLP M\u00e9xico - Soluciones y cursos de liderazgo CDMX\" \/>\n<meta property=\"og:description\" content=\"Quiero m\u00e1s informaci\u00f3n Ubicaci\u00f3n de nuestras oficinas Medios de contacto &nbsp; Oficina: +52 1 5292 5392 &nbsp; Whats App: +52 [&hellip;]\" \/>\n<meta property=\"og:url\" content=\"https:\/\/www.plp-mexico.com\/sitioplp\/contacto\/\" \/>\n<meta property=\"og:site_name\" content=\"PLP M\u00e9xico - Soluciones y cursos de liderazgo CDMX\" \/>\n<meta property=\"article:publisher\" content=\"https:\/\/www.facebook.com\/plpmex\" \/>\n<meta property=\"article:modified_time\" content=\"2022-02-24T22:54:25+00:00\" \/>\n<meta name=\"twitter:card\" content=\"summary_large_image\" \/>\n<meta name=\"twitter:site\" content=\"@PLPMex\" \/>\n<meta name=\"twitter:label1\" content=\"Tiempo de lectura\" \/>\n\t<meta name=\"twitter:data1\" content=\"1 minuto\" \/>\n<script type=\"application\/ld+json\" class=\"yoast-schema-graph\">{\"@context\":\"https:\/\/schema.org\",\"@graph\":[{\"@type\":\"WebPage\",\"@id\":\"https:\/\/www.plp-mexico.com\/sitioplp\/contacto\/\",\"url\":\"https:\/\/www.plp-mexico.com\/sitioplp\/contacto\/\",\"name\":\"Contacto - PLP M\u00e9xico - Soluciones y cursos de liderazgo CDMX\",\"isPartOf\":{\"@id\":\"https:\/\/www.plp-mexico.com\/sitioplp\/#website\"},\"datePublished\":\"2019-04-03T16:23:02+00:00\",\"dateModified\":\"2022-02-24T22:54:25+00:00\",\"breadcrumb\":{\"@id\":\"https:\/\/www.plp-mexico.com\/sitioplp\/contacto\/#breadcrumb\"},\"inLanguage\":\"es-MX\",\"potentialAction\":[{\"@type\":\"ReadAction\",\"target\":[\"https:\/\/www.plp-mexico.com\/sitioplp\/contacto\/\"]}]},{\"@type\":\"BreadcrumbList\",\"@id\":\"https:\/\/www.plp-mexico.com\/sitioplp\/contacto\/#breadcrumb\",\"itemListElement\":[{\"@type\":\"ListItem\",\"position\":1,\"name\":\"Inicio\",\"item\":\"https:\/\/www.plp-mexico.com\/sitioplp\/\"},{\"@type\":\"ListItem\",\"position\":2,\"name\":\"Contacto\"}]},{\"@type\":\"WebSite\",\"@id\":\"https:\/\/www.plp-mexico.com\/sitioplp\/#website\",\"url\":\"https:\/\/www.plp-mexico.com\/sitioplp\/\",\"name\":\"PLP M\u00e9xico - Soluciones y cursos de liderazgo CDMX\",\"description\":\"Trabajamos con marcas de reconocimiento global para resolver cualquier desaf\u00edo de liderazgo creando soluciones completamente hechas a la medida.\",\"publisher\":{\"@id\":\"https:\/\/www.plp-mexico.com\/sitioplp\/#organization\"},\"potentialAction\":[{\"@type\":\"SearchAction\",\"target\":{\"@type\":\"EntryPoint\",\"urlTemplate\":\"https:\/\/www.plp-mexico.com\/sitioplp\/?s={search_term_string}\"},\"query-input\":\"required name=search_term_string\"}],\"inLanguage\":\"es-MX\"},{\"@type\":\"Organization\",\"@id\":\"https:\/\/www.plp-mexico.com\/sitioplp\/#organization\",\"name\":\"PLP M\u00e9xico | Soluciones de Liderazgo\",\"url\":\"https:\/\/www.plp-mexico.com\/sitioplp\/\",\"logo\":{\"@type\":\"ImageObject\",\"inLanguage\":\"es-MX\",\"@id\":\"https:\/\/www.plp-mexico.com\/sitioplp\/#\/schema\/logo\/image\/\",\"url\":\"https:\/\/www.plp-mexico.com\/sitioplp\/wp-content\/uploads\/2018\/06\/ico.jpg\",\"contentUrl\":\"https:\/\/www.plp-mexico.com\/sitioplp\/wp-content\/uploads\/2018\/06\/ico.jpg\",\"width\":513,\"height\":513,\"caption\":\"PLP M\u00e9xico | Soluciones de Liderazgo\"},\"image\":{\"@id\":\"https:\/\/www.plp-mexico.com\/sitioplp\/#\/schema\/logo\/image\/\"},\"sameAs\":[\"https:\/\/www.facebook.com\/plpmex\",\"https:\/\/twitter.com\/PLPMex\",\"https:\/\/www.linkedin.com\/company\/professional-learning-partners\/\",\"https:\/\/www.youtube.com\/user\/PLPMex\"]}]}<\/script>\n<!-- \/ Yoast SEO plugin. -->","yoast_head_json":{"title":"Contacto - PLP M\u00e9xico - Soluciones y cursos de liderazgo CDMX","robots":{"index":"index","follow":"follow","max-snippet":"max-snippet:-1","max-image-preview":"max-image-preview:large","max-video-preview":"max-video-preview:-1"},"canonical":"https:\/\/www.plp-mexico.com\/sitioplp\/contacto\/","og_locale":"es_MX","og_type":"article","og_title":"Contacto - PLP M\u00e9xico - Soluciones y cursos de liderazgo CDMX","og_description":"Quiero m\u00e1s informaci\u00f3n Ubicaci\u00f3n de nuestras oficinas Medios de contacto &nbsp; Oficina: +52 1 5292 5392 &nbsp; Whats App: +52 [&hellip;]","og_url":"https:\/\/www.plp-mexico.com\/sitioplp\/contacto\/","og_site_name":"PLP M\u00e9xico - Soluciones y cursos de liderazgo CDMX","article_publisher":"https:\/\/www.facebook.com\/plpmex","article_modified_time":"2022-02-24T22:54:25+00:00","twitter_card":"summary_large_image","twitter_site":"@PLPMex","twitter_misc":{"Tiempo de lectura":"1 minuto"},"schema":{"@context":"https:\/\/schema.org","@graph":[{"@type":"WebPage","@id":"https:\/\/www.plp-mexico.com\/sitioplp\/contacto\/","url":"https:\/\/www.plp-mexico.com\/sitioplp\/contacto\/","name":"Contacto - PLP M\u00e9xico - Soluciones y cursos de liderazgo CDMX","isPartOf":{"@id":"https:\/\/www.plp-mexico.com\/sitioplp\/#website"},"datePublished":"2019-04-03T16:23:02+00:00","dateModified":"2022-02-24T22:54:25+00:00","breadcrumb":{"@id":"https:\/\/www.plp-mexico.com\/sitioplp\/contacto\/#breadcrumb"},"inLanguage":"es-MX","potentialAction":[{"@type":"ReadAction","target":["https:\/\/www.plp-mexico.com\/sitioplp\/contacto\/"]}]},{"@type":"BreadcrumbList","@id":"https:\/\/www.plp-mexico.com\/sitioplp\/contacto\/#breadcrumb","itemListElement":[{"@type":"ListItem","position":1,"name":"Inicio","item":"https:\/\/www.plp-mexico.com\/sitioplp\/"},{"@type":"ListItem","position":2,"name":"Contacto"}]},{"@type":"WebSite","@id":"https:\/\/www.plp-mexico.com\/sitioplp\/#website","url":"https:\/\/www.plp-mexico.com\/sitioplp\/","name":"PLP M\u00e9xico - Soluciones y cursos de liderazgo CDMX","description":"Trabajamos con marcas de reconocimiento global para resolver cualquier desaf\u00edo de liderazgo creando soluciones completamente hechas a la medida.","publisher":{"@id":"https:\/\/www.plp-mexico.com\/sitioplp\/#organization"},"potentialAction":[{"@type":"SearchAction","target":{"@type":"EntryPoint","urlTemplate":"https:\/\/www.plp-mexico.com\/sitioplp\/?s={search_term_string}"},"query-input":"required name=search_term_string"}],"inLanguage":"es-MX"},{"@type":"Organization","@id":"https:\/\/www.plp-mexico.com\/sitioplp\/#organization","name":"PLP M\u00e9xico | Soluciones de Liderazgo","url":"https:\/\/www.plp-mexico.com\/sitioplp\/","logo":{"@type":"ImageObject","inLanguage":"es-MX","@id":"https:\/\/www.plp-mexico.com\/sitioplp\/#\/schema\/logo\/image\/","url":"https:\/\/www.plp-mexico.com\/sitioplp\/wp-content\/uploads\/2018\/06\/ico.jpg","contentUrl":"https:\/\/www.plp-mexico.com\/sitioplp\/wp-content\/uploads\/2018\/06\/ico.jpg","width":513,"height":513,"caption":"PLP M\u00e9xico | Soluciones de Liderazgo"},"image":{"@id":"https:\/\/www.plp-mexico.com\/sitioplp\/#\/schema\/logo\/image\/"},"sameAs":["https:\/\/www.facebook.com\/plpmex","https:\/\/twitter.com\/PLPMex","https:\/\/www.linkedin.com\/company\/professional-learning-partners\/","https:\/\/www.youtube.com\/user\/PLPMex"]}]}},"_links":{"self":[{"href":"https:\/\/www.plp-mexico.com\/sitioplp\/wp-json\/wp\/v2\/pages\/833"}],"collection":[{"href":"https:\/\/www.plp-mexico.com\/sitioplp\/wp-json\/wp\/v2\/pages"}],"about":[{"href":"https:\/\/www.plp-mexico.com\/sitioplp\/wp-json\/wp\/v2\/types\/page"}],"author":[{"embeddable":true,"href":"https:\/\/www.plp-mexico.com\/sitioplp\/wp-json\/wp\/v2\/users\/1"}],"replies":[{"embeddable":true,"href":"https:\/\/www.plp-mexico.com\/sitioplp\/wp-json\/wp\/v2\/comments?post=833"}],"version-history":[{"count":21,"href":"https:\/\/www.plp-mexico.com\/sitioplp\/wp-json\/wp\/v2\/pages\/833\/revisions"}],"predecessor-version":[{"id":2760,"href":"https:\/\/www.plp-mexico.com\/sitioplp\/wp-json\/wp\/v2\/pages\/833\/revisions\/2760"}],"wp:attachment":[{"href":"https:\/\/www.plp-mexico.com\/sitioplp\/wp-json\/wp\/v2\/media?parent=833"}],"curies":[{"name":"wp","href":"https:\/\/api.w.org\/{rel}","templated":true}]}}